{"id":1432,"date":"2019-06-06T14:33:13","date_gmt":"2019-06-06T12:33:13","guid":{"rendered":"https:\/\/www.obc-suisse.ch\/?page_id=1432"},"modified":"2024-05-28T20:06:33","modified_gmt":"2024-05-28T18:06:33","slug":"team-offices-zurich","status":"publish","type":"page","link":"https:\/\/www.obc-suisse.ch\/en\/teambuero-zuerich\/","title":{"rendered":"Team office in Zurich"},"content":{"rendered":"<img loading=\"lazy\" decoding=\"async\" src=\"https:\/\/www.obc-suisse.ch\/wp-content\/uploads\/2024\/01\/teambuero-zuerich-mieten-obc-suisse-banner.jpg\" alt=\"Team office in Zurich West in the Swiss Life Arena in Altstetten\" itemprop=\"image\" height=\"625\" width=\"2000\" title=\"team-office-zurich-rent-obc-suisse-banner\" onerror=\"this.style.display='none'\"  \/>\n\t<h1>\n\t\t\t\tyour team office in Zurich\n\t\t\t<\/h1>\n\t\t\t<p>Are you looking for a larger <strong>Office<\/strong> for itself and <strong>Your team<\/strong>? At our locations <a href=\"https:\/\/www.obc-suisse.ch\/en\/zuerich-west\/\"><strong>Zurich-West<\/strong><\/a>, <a href=\"https:\/\/www.obc-suisse.ch\/en\/zuerich-city\/\"><strong>Zurich-City<\/strong><\/a> and <a href=\"https:\/\/www.obc-suisse.ch\/en\/zuerich-europaallee\/\"><strong>Europaallee<\/strong><\/a> we offer you offices of different sizes<strong> up to 100m<sup>2<\/sup><\/strong> an. This way you have your team together and still benefit from the services of our business center like a <strong>spacious reception area<\/strong>, <strong>Secretarial services<\/strong>, <strong>Telephone service<\/strong>, <a href=\"https:\/\/www.obc-suisse.ch\/en\/prestigious-business-addresses-2\/\">Business address<\/a>, <strong>Meeting rooms<\/strong> and a <strong>Bistro<\/strong>. The offices are rentable on flexible terms and time periods.we would be happy to count you among our valued customers.\u00a0<\/p>\t\n\t<p>At our business centers, we provide you with the following services:<\/p>\n\t\t\t\t<img decoding=\"async\" src=\"https:\/\/www.obc-suisse.ch\/wp-content\/uploads\/2023\/01\/stephanie-noser-obc-suisse.jpg\" alt=\"stephanie-noser-obc-suisse\" title=\"stephanie-noser-obc-suisse\" itemprop=\"image\"\/>\n\t<a href=\"tel:0041442146204\" target=\"_self\" rel=\"noopener\"><\/a>\n\t\t<h3>Stephanie Noser<\/h3>\n\t\t\t<p>Center Manager Zurich-City<br \/><a href=\"tel:0041442146204\">+41 44 214 62 04<\/a><\/p>\n\n\t<h2>\n\t\t\t\tTeam offices on Europaallee, Zurich-West or in the center of Zurich on Bahnhofstrasse\n\t\t\t<\/h2>\n\t\t\t<p>Our locations are <strong>centrally located<\/strong> and <strong>Well developed<\/strong>. The team offices in the city center and on Europaallee are located in the immediate vicinity of the main railway station, while the team offices in Zurich West in the Swiss Life Arena in Altstetten are right next to Altstetten railroad station and have excellent connections to the A1 motorway.<\/p>\t\n\t\t\t\t<img decoding=\"async\" src=\"https:\/\/www.obc-suisse.ch\/wp-content\/uploads\/2018\/09\/obc-suisse-zurich-city-office-teaser2.jpg\" alt=\"Exterior view Zurich office\" title=\"obc-suisse-zurich-city-office-teaser2\" itemprop=\"image\"\/>\n\t\t<h3>Zurich-City<\/h3>\t\t\t\n\t\t\t\t<p>The business center is located on Bahnhofstrasse, in the heart of Zurich and just a few minutes away from the main train station.<\/p>\n\t\t\t<a href=\"https:\/\/www.obc-suisse.ch\/en\/zuerich-city\/\" target=\"_self\" role=\"button\" aria-label=\"Zurich-City\" rel=\"noopener\">\n\t\t\t\t\t\t\tZurich-City\n\t\t<\/a>\n\t\t\t\t<img decoding=\"async\" src=\"https:\/\/www.obc-suisse.ch\/wp-content\/uploads\/2018\/09\/zueroch-west.jpg\" alt=\"Zurich west\" title=\"zueroch-west\" itemprop=\"image\"\/>\n\t\t<h3>Zurich-West<\/h3>\t\t\t\n\t\t\t\t<p>Modern and well-equipped offices at our new location in Zurich-West in the area of the Swiss Life Arena in Zurich-Altstetten.<\/p>\n\t\t\t<a href=\"https:\/\/www.obc-suisse.ch\/en\/zuerich-west\/\" target=\"_self\" role=\"button\" aria-label=\"Zurich-West\" rel=\"noopener\">\n\t\t\t\t\t\t\tZurich-West\n\t\t<\/a>\n\t\t\t\t<img decoding=\"async\" src=\"https:\/\/www.obc-suisse.ch\/wp-content\/uploads\/2018\/09\/zuerich-europaallee-obc-suisse.jpg\" alt=\"Zurich location Europaallee exterior view\" title=\"zuerich-europaallee-obc-suisse\" itemprop=\"image\"\/>\n\t\t<h3>Zurich-Europaallee<\/h3>\t\t\t\n\t\t\t\t<p>The site is located in the middle of the Europaallee district, which is right next to Zurich's main train station.<\/p>\n\t\t\t<a href=\"https:\/\/www.obc-suisse.ch\/en\/zuerich-europaallee\/\" target=\"_self\" role=\"button\" aria-label=\"Zurich-Europaallee\" rel=\"noopener\">\n\t\t\t\t\t\t\tZurich-Europaallee\n\t\t<\/a>","protected":false},"excerpt":{"rendered":"<p>OBC Suisse AG offers fully furnished individual and team offices ready for use at attractive conditions. <\/p>","protected":false},"author":2,"featured_media":3647,"parent":0,"menu_order":0,"comment_status":"closed","ping_status":"closed","template":"","meta":{"_seopress_robots_primary_cat":"","_seopress_titles_title":"Teamb\u00fcro in Z\u00fcrich \u2013 OBC Suisse","_seopress_titles_desc":"Sie brauchen Platz f\u00fcr Ihr Team? Wir bieten voll ausgestattete Teamb\u00fcros in Z\u00fcrich bis 100m2 inkl. unseren Business Center-Leistungen. Tel: +41 44 214 62 04","_seopress_robots_index":"","site-sidebar-layout":"no-sidebar","site-content-layout":"page-builder","ast-site-content-layout":"full-width-container","site-content-style":"unboxed","site-sidebar-style":"unboxed","ast-global-header-display":"","ast-banner-title-visibility":"","ast-main-header-display":"","ast-hfb-above-header-display":"","ast-hfb-below-header-display":"","ast-hfb-mobile-header-display":"","site-post-title":"disabled","ast-breadcrumbs-content":"","ast-featured-img":"disabled","footer-sml-layout":"","ast-disable-related-posts":"","theme-transparent-header-meta":"default","adv-header-id-meta":"","stick-header-meta":"","header-above-stick-meta":"","header-main-stick-meta":"","header-below-stick-meta":"","astra-migrate-meta-layouts":"set","ast-page-background-enabled":"default","ast-page-background-meta":{"desktop":{"background-color":"","background-image":"","background-repeat":"repeat","background-position":"center center","background-size":"auto","background-attachment":"scroll","background-type":"","background-media":"","overlay-type":"","overlay-color":"","overlay-opacity":"","overlay-gradient":""},"tablet":{"background-color":"","background-image":"","background-repeat":"repeat","background-position":"center center","background-size":"auto","background-attachment":"scroll","background-type":"","background-media":"","overlay-type":"","overlay-color":"","overlay-opacity":"","overlay-gradient":""},"mobile":{"background-color":"","background-image":"","background-repeat":"repeat","background-position":"center center","background-size":"auto","background-attachment":"scroll","background-type":"","background-media":"","overlay-type":"","overlay-color":"","overlay-opacity":"","overlay-gradient":""}},"ast-content-background-meta":{"desktop":{"background-color":"var(--ast-global-color-5)","background-image":"","background-repeat":"repeat","background-position":"center center","background-size":"auto","background-attachment":"scroll","background-type":"","background-media":"","overlay-type":"","overlay-color":"","overlay-opacity":"","overlay-gradient":""},"tablet":{"background-color":"var(--ast-global-color-5)","background-image":"","background-repeat":"repeat","background-position":"center center","background-size":"auto","background-attachment":"scroll","background-type":"","background-media":"","overlay-type":"","overlay-color":"","overlay-opacity":"","overlay-gradient":""},"mobile":{"background-color":"var(--ast-global-color-5)","background-image":"","background-repeat":"repeat","background-position":"center center","background-size":"auto","background-attachment":"scroll","background-type":"","background-media":"","overlay-type":"","overlay-color":"","overlay-opacity":"","overlay-gradient":""}},"iawp_total_views":1327,"footnotes":""},"class_list":["post-1432","page","type-page","status-publish","has-post-thumbnail","hentry"],"_links":{"self":[{"href":"https:\/\/www.obc-suisse.ch\/en\/wp-json\/wp\/v2\/pages\/1432","targetHints":{"allow":["GET"]}}],"collection":[{"href":"https:\/\/www.obc-suisse.ch\/en\/wp-json\/wp\/v2\/pages"}],"about":[{"href":"https:\/\/www.obc-suisse.ch\/en\/wp-json\/wp\/v2\/types\/page"}],"author":[{"embeddable":true,"href":"https:\/\/www.obc-suisse.ch\/en\/wp-json\/wp\/v2\/users\/2"}],"replies":[{"embeddable":true,"href":"https:\/\/www.obc-suisse.ch\/en\/wp-json\/wp\/v2\/comments?post=1432"}],"version-history":[{"count":39,"href":"https:\/\/www.obc-suisse.ch\/en\/wp-json\/wp\/v2\/pages\/1432\/revisions"}],"predecessor-version":[{"id":3694,"href":"https:\/\/www.obc-suisse.ch\/en\/wp-json\/wp\/v2\/pages\/1432\/revisions\/3694"}],"wp:featuredmedia":[{"embeddable":true,"href":"https:\/\/www.obc-suisse.ch\/en\/wp-json\/wp\/v2\/media\/3647"}],"wp:attachment":[{"href":"https:\/\/www.obc-suisse.ch\/en\/wp-json\/wp\/v2\/media?parent=1432"}],"curies":[{"name":"wp","href":"https:\/\/api.w.org\/{rel}","templated":true}]}}