{"id":1991,"date":"2019-11-01T14:17:35","date_gmt":"2019-11-01T13:17:35","guid":{"rendered":"https:\/\/www.obc-suisse.ch\/?page_id=1991"},"modified":"2024-01-25T13:43:34","modified_gmt":"2024-01-25T12:43:34","slug":"seminar-room-zurich","status":"publish","type":"page","link":"https:\/\/www.obc-suisse.ch\/en\/seminarraum-zuerich\/","title":{"rendered":"Seminar room Zurich"},"content":{"rendered":"<img loading=\"lazy\" decoding=\"async\" src=\"https:\/\/www.obc-suisse.ch\/wp-content\/uploads\/2019\/11\/seminarraum-zuerich-header-2000x625.jpg\" alt=\"Chairs in meeting room\" itemprop=\"image\" height=\"625\" width=\"2000\" title=\"Seminar-Room-Zurich\" onerror=\"this.style.display='none'\"  \/>\n\t<h1>\n\t\t\t\tSeminar Room Zurich\n\t\t\t<\/h1>\n\tWe offer you <strong>centrally located<\/strong> and <strong>extensively equipped seminar rooms<\/strong> in the middle of <strong>Zurich<\/strong>. Each of our business centers offers you rooms of different sizes and allows you to choose from the <strong>individual number of participants<\/strong> of your seminar all the freedom.<br \/>\nOur seminar rooms are <strong>technically up to date<\/strong> and offer the right equipment for a <strong>successful seminar implementation<\/strong>. They are also perfect for use as <strong>Meeting rooms<\/strong> and <strong>Training rooms<\/strong>.\n\t<a href=\"tel:0041442146262\" target=\"_self\" rel=\"noopener\"><\/a>\n\t\t<h3>Get in touch with us<\/h3>\n\t\t\t<p>+41 44 214 62 62<br \/>Mon-Fri 08:00-17:00<\/p>\n\t<h3>\n\t\t\t\tFlexible seminar rooms\n\t\t\t<\/h3>\n\t\"We had to move our seminar to a larger seminar room in Zurich at short notice due to high demand. With OBC Suisse, this was absolutely no problem. Signed today, we could already use the room the next day.<br \/>\nIt was also important for us that we could use the seminar room the next day for a short, joint summary of the contents. Here, too, we encountered complete flexibility on the part of OBC Suisse. We were able to rent the room for two more hours without having to commit to a half day or even a full day.\"\n\t\t\t\t<img loading=\"lazy\" decoding=\"async\" src=\"https:\/\/www.obc-suisse.ch\/wp-content\/uploads\/2019\/11\/seminar-technik-obc-suisse-1024x683.jpg\" alt=\"Small meeting room in Zurich\" itemprop=\"image\" height=\"683\" width=\"1024\" title=\"Seminar-Technology-obc-suisse\" onerror=\"this.style.display='none'\"  \/>\n<h3>\n\t\tOptimal Seminar Technology\n\t<\/h3>\n\t<p>Our seminar rooms are equipped with a flipchart, screen, projector (optional) and WLAN and thus offer excellent conditions for a productive exchange of knowledge. This also makes them ideal conference rooms and training rooms.<\/p>\n\t\t\t\t<img loading=\"lazy\" decoding=\"async\" src=\"https:\/\/www.obc-suisse.ch\/wp-content\/uploads\/2019\/11\/catering-lunch-essen-obc-suisse-1024x684.jpg\" alt=\"Catering Workshop Z\u00fcrich\" itemprop=\"image\" height=\"684\" width=\"1024\" title=\"catering-lunch-obc-suisse\" onerror=\"this.style.display='none'\"  \/>\n<h3>\n\t\tindividual catering\n\t<\/h3>\n\t<p>On request, we will provide you with coffee, croissants and vitamin-rich fruit for your break in between. We would be happy to provide you with our detailed catering offer. Of course we can also organise a hearty standing lunch or arrange an aperitif for you.<\/p>\n\t<h3>\n\t\t\t\tCatering\n\t\t\t<\/h3>\n\t<p>\"In addition to our seminar room, we had also booked the catering with OBC Suisse. This meant we didn't have to coordinate with a third provider. During a joint stand-up lunch on site, we were able to network and exchange ideas on the seminar content. There was always enough water available during the event. During the breaks, the participants could help themselves to coffee and fruit. Everything was excellently organized by OBC Suisse.\"<\/p>\n\t\t\t\t<img loading=\"lazy\" decoding=\"async\" src=\"https:\/\/www.obc-suisse.ch\/wp-content\/uploads\/2019\/11\/empfang-sessel-zuerich-europaallee-1024x683.jpg\" alt=\"Reception area in Zurich with counter\" itemprop=\"image\" height=\"683\" width=\"1024\" title=\"Full-Service-obc-suisse\" onerror=\"this.style.display='none'\"  \/>\n<h3>\n\t\tFull Service\n\t<\/h3>\n\t<p>Our multilingual secretariat is at your disposal for various services. Be it for questions concerning room technology or administrative tasks. We are also happy to support you in the organisation of your seminar. Of course, we will be happy to book hotel rooms and restaurants as well as transfers for you.<\/p>\n\t\t\t\t<img loading=\"lazy\" decoding=\"async\" src=\"https:\/\/www.obc-suisse.ch\/wp-content\/uploads\/2019\/11\/seminarraum-zuerich-1024x683.jpg\" alt=\"Seminar room gestult in Zurich\" itemprop=\"image\" height=\"683\" width=\"1024\" title=\"seminar-room-zurich\" onerror=\"this.style.display='none'\"  \/>\n<h3>\n\t\tFlexible and modern Seminar Rooms\n\t<\/h3>\n\t<p>We offer various seminar rooms that can accommodate up to 100 people. Our rooms can be rented by the hour, half-day or for the whole day and are centrally located in Zurich. This means that the seminar rooms are easy to reach both by car and by public transport. Discover the ideal seminar rooms in Zurich near the main station and Altstetten train station.<\/p>\n\t<h3>\n\t\t\t\tVersatile services\n\t\t\t<\/h3>\n\t<p>\"After a successful seminar day, some of the participants wanted to go straight to the hotel, while others wanted to have dinner together. Both the booking of the hotel transfers and the reservation at the restaurant were taken care of by the Secretariat Service. So we were able to finish the evening together without having to deal with the organization.\"<\/p>\n\t<h2>\n\t\t\t\tWe offer seminar rooms for rent at the following locations in Zurich\n\t\t\t<\/h2>\n\t\t\t\t<img decoding=\"async\" src=\"https:\/\/www.obc-suisse.ch\/wp-content\/uploads\/2018\/09\/obc-suisse-zurich-city-office-teaser2.jpg\" alt=\"Exterior view Zurich office\" title=\"obc-suisse-zurich-city-office-teaser2\" itemprop=\"image\"\/>\n\t\t<h3>Zurich-City<\/h3>\t\t\t\n\t\t\t\t<p>The business center is located on Bahnhofstrasse, in the heart of Zurich and just a few minutes away from the main train station.<\/p>\n\t\t\t<a href=\"https:\/\/www.obc-suisse.ch\/en\/zuerich-city\/\" target=\"_self\" role=\"button\" aria-label=\"Zurich-City\" rel=\"noopener\">\n\t\t\t\t\t\t\tZurich-City\n\t\t<\/a>\n\t\t\t\t<img decoding=\"async\" src=\"https:\/\/www.obc-suisse.ch\/wp-content\/uploads\/2018\/09\/zueroch-west.jpg\" alt=\"Zurich west\" title=\"zueroch-west\" itemprop=\"image\"\/>\n\t\t<h3>Zurich-West<\/h3>\t\t\t\n\t\t\t\t<p>Modern and well-equipped offices at our new location in Zurich-West in the area of the Swiss Life Arena in Zurich-Altstetten.<\/p>\n\t\t\t<a href=\"https:\/\/www.obc-suisse.ch\/en\/zuerich-west\/\" target=\"_self\" role=\"button\" aria-label=\"Zurich-West\" rel=\"noopener\">\n\t\t\t\t\t\t\tZurich-West\n\t\t<\/a>\n\t\t\t\t<img decoding=\"async\" src=\"https:\/\/www.obc-suisse.ch\/wp-content\/uploads\/2018\/09\/zuerich-europaallee-obc-suisse.jpg\" alt=\"Zurich location Europaallee exterior view\" title=\"zuerich-europaallee-obc-suisse\" itemprop=\"image\"\/>\n\t\t<h3>Zurich-Europaallee<\/h3>\t\t\t\n\t\t\t\t<p>The site is located in the middle of the Europaallee district, which is right next to Zurich's main train station.<\/p>\n\t\t\t<a href=\"https:\/\/www.obc-suisse.ch\/en\/zuerich-europaallee\/\" target=\"_self\" role=\"button\" aria-label=\"Zurich-Europaallee\" rel=\"noopener\">\n\t\t\t\t\t\t\tZurich-Europaallee\n\t\t<\/a>\n\t\t<h2 class=\"translation-block\"><span><a href=\"https:\/\/www.obc-suisse.ch\/en\/contact\/\" target=\"_self\" class=\"fl-callout-title-link fl-callout-title-text\">THIS IS WHAT WE STAND FOR: <br \/>YOUR VERY PERSONAL OFFER<\/a><\/span><\/h2>\t\t\n\t\t\t<p class=\"translation-block\">From<strong> many years of experience<\/strong> we know that none of our customers is like any other. Every customer has <strong>individual wishes, needs and questions<\/strong> concerning seminar room rental. For this reason, it is essential to take time for you and to be able to respond to you individually.<\/p>\n<p class=\"translation-block\">For example, do you have questions regarding our room equipment or seating? Do you need an aperitif or do you need assistance with the reception? As an office service provider, we distinguish ourselves by putting together suitable offers in response to individual requests and by <strong>tailoring our room and service offerings to your individual working day<\/strong>.<\/p>\n<p>Therefore do not hesitate to contact us. We look forward to advise you and to welcome you as one of our valued customers.<\/p>\n\t\t\t<a href=\"https:\/\/www.obc-suisse.ch\/en\/contact\/\" target=\"_self\" rel=\"noopener\">\n\t\t\t\t\t\tGet in touch with us\n\t\t\t\t\t<\/a>\n\t\t\t\t<img loading=\"lazy\" decoding=\"async\" src=\"https:\/\/www.obc-suisse.ch\/wp-content\/uploads\/2018\/10\/sophia_zobras.jpg\" alt=\"Sophia Zobras\" itemprop=\"image\" height=\"400\" width=\"734\" title=\"sophia_zobras\" onerror=\"this.style.display='none'\"  \/>\n\t<strong>Sophia Zorbas<\/strong><br \/>\nCenter Manager<br \/>\nZurich-Europaallee<br \/>\n+41 44 214 60 72<br \/>\n<a href=\"mailto:sz@obc-suisse.ch\">sz@obc-suisse.ch<\/a>","protected":false},"excerpt":{"rendered":"<p>Our seminar rooms offer you ideal conditions for successful seminars at our locations in Zurich.<\/p>","protected":false},"author":2,"featured_media":1988,"parent":0,"menu_order":0,"comment_status":"closed","ping_status":"closed","template":"","meta":{"_seopress_robots_primary_cat":"","_seopress_titles_title":"Seminarraum in Z\u00fcrich \u2013 OBC Suisse","_seopress_titles_desc":"Mieten sie erstklassige Seminarr\u00e4ume in Z\u00fcrich, modern &amp; voll ausgestattet \u2013 perfekt nutzbar als Seminarr\u00e4ume, Tagungsr\u00e4ume &amp; Schulungsr\u00e4ume.","_seopress_robots_index":"","site-sidebar-layout":"no-sidebar","site-content-layout":"page-builder","ast-site-content-layout":"full-width-container","site-content-style":"unboxed","site-sidebar-style":"unboxed","ast-global-header-display":"","ast-banner-title-visibility":"","ast-main-header-display":"","ast-hfb-above-header-display":"","ast-hfb-below-header-display":"","ast-hfb-mobile-header-display":"","site-post-title":"disabled","ast-breadcrumbs-content":"","ast-featured-img":"disabled","footer-sml-layout":"","ast-disable-related-posts":"","theme-transparent-header-meta":"default","adv-header-id-meta":"","stick-header-meta":"","header-above-stick-meta":"","header-main-stick-meta":"","header-below-stick-meta":"","astra-migrate-meta-layouts":"set","ast-page-background-enabled":"default","ast-page-background-meta":{"desktop":{"background-color":"","background-image":"","background-repeat":"repeat","background-position":"center center","background-size":"auto","background-attachment":"scroll","background-type":"","background-media":"","overlay-type":"","overlay-color":"","overlay-opacity":"","overlay-gradient":""},"tablet":{"background-color":"","background-image":"","background-repeat":"repeat","background-position":"center center","background-size":"auto","background-attachment":"scroll","background-type":"","background-media":"","overlay-type":"","overlay-color":"","overlay-opacity":"","overlay-gradient":""},"mobile":{"background-color":"","background-image":"","background-repeat":"repeat","background-position":"center center","background-size":"auto","background-attachment":"scroll","background-type":"","background-media":"","overlay-type":"","overlay-color":"","overlay-opacity":"","overlay-gradient":""}},"ast-content-background-meta":{"desktop":{"background-color":"var(--ast-global-color-5)","background-image":"","background-repeat":"repeat","background-position":"center center","background-size":"auto","background-attachment":"scroll","background-type":"","background-media":"","overlay-type":"","overlay-color":"","overlay-opacity":"","overlay-gradient":""},"tablet":{"background-color":"var(--ast-global-color-5)","background-image":"","background-repeat":"repeat","background-position":"center center","background-size":"auto","background-attachment":"scroll","background-type":"","background-media":"","overlay-type":"","overlay-color":"","overlay-opacity":"","overlay-gradient":""},"mobile":{"background-color":"var(--ast-global-color-5)","background-image":"","background-repeat":"repeat","background-position":"center center","background-size":"auto","background-attachment":"scroll","background-type":"","background-media":"","overlay-type":"","overlay-color":"","overlay-opacity":"","overlay-gradient":""}},"iawp_total_views":732,"footnotes":""},"class_list":["post-1991","page","type-page","status-publish","has-post-thumbnail","hentry"],"_links":{"self":[{"href":"https:\/\/www.obc-suisse.ch\/en\/wp-json\/wp\/v2\/pages\/1991","targetHints":{"allow":["GET"]}}],"collection":[{"href":"https:\/\/www.obc-suisse.ch\/en\/wp-json\/wp\/v2\/pages"}],"about":[{"href":"https:\/\/www.obc-suisse.ch\/en\/wp-json\/wp\/v2\/types\/page"}],"author":[{"embeddable":true,"href":"https:\/\/www.obc-suisse.ch\/en\/wp-json\/wp\/v2\/users\/2"}],"replies":[{"embeddable":true,"href":"https:\/\/www.obc-suisse.ch\/en\/wp-json\/wp\/v2\/comments?post=1991"}],"version-history":[{"count":28,"href":"https:\/\/www.obc-suisse.ch\/en\/wp-json\/wp\/v2\/pages\/1991\/revisions"}],"predecessor-version":[{"id":3627,"href":"https:\/\/www.obc-suisse.ch\/en\/wp-json\/wp\/v2\/pages\/1991\/revisions\/3627"}],"wp:featuredmedia":[{"embeddable":true,"href":"https:\/\/www.obc-suisse.ch\/en\/wp-json\/wp\/v2\/media\/1988"}],"wp:attachment":[{"href":"https:\/\/www.obc-suisse.ch\/en\/wp-json\/wp\/v2\/media?parent=1991"}],"curies":[{"name":"wp","href":"https:\/\/api.w.org\/{rel}","templated":true}]}}