{"id":2197,"date":"2019-12-11T08:43:13","date_gmt":"2019-12-11T07:43:13","guid":{"rendered":"https:\/\/www.obc-suisse.ch\/?page_id=2197"},"modified":"2025-12-04T17:06:00","modified_gmt":"2025-12-04T16:06:00","slug":"basel-baloise-park","status":"publish","type":"page","link":"https:\/\/www.obc-suisse.ch\/en\/basel-baloise-park\/","title":{"rendered":"Excellent office space in Baloise Park"},"content":{"rendered":"\n\n\t\t\t\t<img decoding=\"async\" src=\"https:\/\/www.obc-suisse.ch\/wp-content\/uploads\/2025\/06\/lay_OBC_Swiss-Location-Award_Basel_DE_250627.jpg\" alt=\"_lay_OBC_Swiss-Location-Award_Basel_DE_250627\" itemprop=\"image\" height=\"625\" width=\"1920\" title=\"_lay_OBC_Swiss-Location-Award_Basel_DE_250627\" onerror=\"this.style.display='none'\" loading='lazy' \/>\n\t<h1>\n\t\t\t\tExzellente B\u00fcror\u00e4umlichkeiten<br \/> in Basel-City\n\t\t\t<\/h1>\n\t<p>Entdecken Sie die Vorz\u00fcge unseres Office Business Centers am Standort <strong>Basel-City<\/strong>. Profitieren Sie von erstklassiger Verkehrsanbindung, umgeben von zahlreichen Gesch\u00e4fts- und Freizeitm\u00f6glichkeiten. Geniessen Sie moderne und flexible Arbeitspl\u00e4tze in einem pulsierenden Umfeld, das den Erfolg Ihres Unternehmens f\u00f6rdert. Werden Sie Teil unserer innovativen Gemeinschaft und wachsen Sie gemeinsam mit uns!<\/p>\n<p>Sind Sie interessiert an einer neuen B\u00fcro-L\u00f6sung f\u00fcr sich oder Ihr Team?<\/p>\n\t\t<h3>Rufen Sie uns an<\/h3>\n\t\t\t<p><a href=\"tel:0041612254444\">+41 61 225 44 44<\/a><br \/>Mo-Fr 08:00-17:00<\/p>\n\t\t\t<a href=\"#kontakt\" title=\"Click Here\" target=\"_self\"   role=\"button\" aria-label=\"Kontaktieren Sie uns\">\n\t\t\t\t\t\t\tKontaktieren Sie uns\n\t\t<\/a>\n\t\t\t<a href=\"#bueros\" title=\"Click Here\" target=\"_self\"   role=\"button\" aria-label=\"Verf\u00fcgbarkeit pr\u00fcfen\">\n\t\t\t\t\t\t\tVerf\u00fcgbarkeit pr\u00fcfen\n\t\t<\/a>\n\t\t\t\t<img decoding=\"async\" src=\"https:\/\/www.obc-suisse.ch\/wp-content\/uploads\/2019\/12\/situationsplan_baloisepark.jpg\" alt=\"Campus Grafik des Baloise Park\" itemprop=\"image\" height=\"668\" width=\"500\" title=\"situationsplan_baloisepark\" onerror=\"this.style.display='none'\" loading='lazy' \/>\n\t\t\t\t<img decoding=\"async\" src=\"https:\/\/www.obc-suisse.ch\/wp-content\/uploads\/2018\/09\/basel-buero-baloise-park.jpg\" alt=\"Baloise Park von aussen an der Strasse\" itemprop=\"image\" height=\"400\" width=\"752\" title=\"basel-buero-baloise-park\" onerror=\"this.style.display='none'\" loading='lazy' \/>\n\t\t\t<h2>Ihr optimaler B\u00fcro-Standort in Basel<\/h2>\t\t\t\n\t\t\t\t<p>Entdecken Sie unser exquisites Office Business Center, welches sich \u00fcber zwei Etagen im Herzen von Basel erstreckt. Die Stadt Basel zeichnet sich durch ihre beeindruckenden Kunst- und Kulturinstitutionen aus, die sie zu einem der wichtigsten Kulturzentren Europas machen, trotz ihrer bescheidenen Gr\u00f6sse und Bev\u00f6lkerung.<\/p>\n<p>Basel ist ein international anerkanntes Zentrum der Chemie- und Pharmaindustrie, ein bedeutendes Messezentrum sowie ein zentraler Standort im Bankwesen. Die Bank f\u00fcr Internationalen Zahlungsausgleich hat sogar ihren globalen Hauptsitz in vis-\u00e0-vis des Baloise Parks.<\/p>\n<p>In unmittelbarer N\u00e4he zu unserem Business Center befinden sich der Bahnhof SBB sowie zahlreiche Gesch\u00e4ftsm\u00f6glichkeiten. Unsere erstklassige Lage erm\u00f6glicht Ihnen den schnellen Zugang zu renommierten Restaurants und Hotels, die Ihren Aufenthalt in Basel perfekt abrunden. Wir stehen Ihnen gerne zur Verf\u00fcgung, um Ihnen Empfehlungen zu geben oder Reservierungen vorzunehmen, um Ihren Besuch bei uns so angenehm und effizient wie m\u00f6glich zu gestalten.<\/p>\n<h2>\n\t\t\tOBC Suisse Basel-City geh\u00f6rt offiziell zu den sch\u00f6nsten Meetinglocations der Schweiz.\t<\/h2>\n\t\t\t\t<img decoding=\"async\" src=\"https:\/\/www.obc-suisse.ch\/wp-content\/uploads\/2021\/09\/baloise-park-basel-1024x683.jpg\" alt=\"Tisch mit Aussicht B\u00fcro Basel\" itemprop=\"image\" height=\"683\" width=\"1024\" title=\"Photo: Andrea Monica Hug\" onerror=\"this.style.display='none'\" loading='lazy' \/>\n\t\t\t\t<img decoding=\"async\" src=\"https:\/\/www.obc-suisse.ch\/wp-content\/uploads\/2025\/06\/Gewinner_Batch_de.png\" alt=\"Gewinner_Batch_de\" itemprop=\"image\" height=\"2956\" width=\"2956\" title=\"Gewinner_Batch_de\" onerror=\"this.style.display='none'\" loading='lazy' \/>\n\t<p>58&#8217;394 Veranstalter:innen, Besucher:innen sowie eine unabh\u00e4ngige Fachjury haben im Rahmen des dies\u00e4hrigen Swiss Location Awards entschieden: <strong>OBC Suisse Basel-City geh\u00f6rt zu den sch\u00f6nsten <\/strong><strong>Meetinglocations der Schweiz!<\/strong><\/p>\n<p>Dass die Location mit <strong>8.7 von 10 Punkten<\/strong> beim Swiss Location Award 2025 das G\u00fctesiegel \u00ab<strong>Ausgezeichnet<\/strong>\u00bb erhielt, freut das OBC Suisse Basel-City-Team ausserordentlich.<\/p>\n\t\t\t<h2>Leistungen Basel-City<\/h2>\t\t\t\n\t\t\t\t<p>Unser Standort bietet Ihnen\u00a0alles, was Sie von einem Business Center erwarten d\u00fcrfen:<\/p>\n<h4>\n\t\t\tMerkmale und Ausstattung\t<\/h4>\n\t\t\t<h2>Verf\u00fcgbare B\u00fcros<\/h2>\t\t\t\n\t\t\t\t<p>Erhalten Sie hier einen Einblick in die verschiedenen B\u00fcror\u00e4umlichkeiten f\u00fcr Sie und Ihr Team.<\/p>\n\t<meta itemscope itemprop=\"mainEntityOfPage\" itemtype=\"https:\/\/schema.org\/WebPage\" itemid=\"https:\/\/www.obc-suisse.ch\/raum\/basel-buero-1\/\" content=\"Basel &#8211; B\u00fcro 1\" \/><meta itemprop=\"datePublished\" content=\"2019-12-11\" \/><meta itemprop=\"dateModified\" content=\"2024-01-19\" \/><meta itemprop=\"name\" content=\"OBC Suisse\"\/><meta itemprop=\"url\" content=\"https:\/\/www.obc-suisse.ch\/wp-content\/uploads\/2018\/09\/logo-obc.svg\"\/><meta itemprop=\"url\" content=\"https:\/\/www.obc-suisse.ch\/author\/flinkthink\/\" \/><meta itemprop=\"name\" content=\"Michael Salzer\" \/><meta itemprop=\"url\" content=\"https:\/\/www.obc-suisse.ch\/wp-content\/uploads\/2024\/01\/obc-basel-buero-mieten-klein-scaled.jpg\" \/><meta itemprop=\"width\" content=\"2560\" \/><meta itemprop=\"height\" content=\"1707\" \/><meta itemprop=\"interactionType\" content=\"https:\/\/schema.org\/CommentAction\" \/><meta itemprop=\"userInteractionCount\" content=\"0\" \/>\n    <a href='https:\/\/www.obc-suisse.ch\/raum\/basel-buero-1\/' title='Basel &#8211; B\u00fcro 1'><img loading=\"lazy\" width=\"1024\" height=\"683\" src=\"https:\/\/www.obc-suisse.ch\/wp-content\/uploads\/2024\/01\/obc-basel-buero-mieten-klein-1024x683.jpg\" alt=\"Kleines m\u00f6bliertes B\u00fcro f\u00fcr zwei Personen in Basel im Baloise Park - OBC Suisse AG\" itemprop=\"image\" decoding=\"async\" srcset=\"https:\/\/www.obc-suisse.ch\/wp-content\/uploads\/2024\/01\/obc-basel-buero-mieten-klein-1024x683.jpg 1024w, https:\/\/www.obc-suisse.ch\/wp-content\/uploads\/2024\/01\/obc-basel-buero-mieten-klein-300x200.jpg 300w, https:\/\/www.obc-suisse.ch\/wp-content\/uploads\/2024\/01\/obc-basel-buero-mieten-klein-768x512.jpg 768w, https:\/\/www.obc-suisse.ch\/wp-content\/uploads\/2024\/01\/obc-basel-buero-mieten-klein-1536x1024.jpg 1536w, https:\/\/www.obc-suisse.ch\/wp-content\/uploads\/2024\/01\/obc-basel-buero-mieten-klein-2048x1365.jpg 2048w, https:\/\/www.obc-suisse.ch\/wp-content\/uploads\/2024\/01\/obc-basel-buero-mieten-klein-18x12.jpg 18w, https:\/\/www.obc-suisse.ch\/wp-content\/uploads\/2024\/01\/obc-basel-buero-mieten-klein-600x400.jpg 600w\" sizes=\"auto, (max-width: 1024px) 100vw, 1024px\" \/><\/a>\n<h3><a href='https:\/\/www.obc-suisse.ch\/raum\/basel-buero-1\/' title='Basel &#8211; B\u00fcro 1'>Basel &#8211; B\u00fcro 1<\/a><\/h3>\n\t<p>In diesem B\u00fcroraum haben wir bis zu drei Arbeitspl\u00e4tze eingerichtet. Wahlweise k\u00f6nnen Sie auch einen Besprechungstisch integrieren. So finden Sie Platz f\u00fcr sich und Ihre G\u00e4ste und k\u00f6nnen ein Meeting v\u00f6llig ungest\u00f6rt abhalten.<\/p>\n<br \/>\n\t    <img decoding=\"async\" src=\"https:\/\/www.obc-suisse.ch\/wp-content\/uploads\/2019\/12\/groesse.png\" alt=\"Icon f\u00fcr B\u00fcrogr\u00f6sse\" \/> Gr\u00f6sse: 15.7m<sup>2<\/sup>\n        <img decoding=\"async\" src=\"https:\/\/www.obc-suisse.ch\/wp-content\/uploads\/2019\/12\/etage.png\" alt=\"Icon f\u00fcr Etage\" \/> Etage: 6 oder 7\n        <img decoding=\"async\" src=\"https:\/\/www.obc-suisse.ch\/wp-content\/uploads\/2019\/12\/anzahl_ap.png\" alt=\"Icon f\u00fcr Anzahl Arbeitspl\u00e4tze\" \/> Anzahl Arbeitspl\u00e4tze: 2\n\t\n<p><a href=\"https:\/\/www.obc-suisse.ch\/raum\/basel-buero-1\/\">B\u00fcro Details<\/a><\/p>\n\t<meta itemscope itemprop=\"mainEntityOfPage\" itemtype=\"https:\/\/schema.org\/WebPage\" itemid=\"https:\/\/www.obc-suisse.ch\/raum\/basel-buero-2\/\" content=\"Basel &#8211; B\u00fcro 2\" \/><meta itemprop=\"datePublished\" content=\"2020-03-13\" \/><meta itemprop=\"dateModified\" content=\"2024-01-19\" \/><meta itemprop=\"name\" content=\"OBC Suisse\"\/><meta itemprop=\"url\" content=\"https:\/\/www.obc-suisse.ch\/wp-content\/uploads\/2018\/09\/logo-obc.svg\"\/><meta itemprop=\"url\" content=\"https:\/\/www.obc-suisse.ch\/author\/flinkthink\/\" \/><meta itemprop=\"name\" content=\"Michael Salzer\" \/><meta itemprop=\"url\" content=\"https:\/\/www.obc-suisse.ch\/wp-content\/uploads\/2024\/01\/obc-basel-buero-mieten-mittel-scaled.jpg\" \/><meta itemprop=\"width\" content=\"2560\" \/><meta itemprop=\"height\" content=\"1707\" \/><meta itemprop=\"interactionType\" content=\"https:\/\/schema.org\/CommentAction\" \/><meta itemprop=\"userInteractionCount\" content=\"0\" \/>\n    <a href='https:\/\/www.obc-suisse.ch\/raum\/basel-buero-2\/' title='Basel &#8211; B\u00fcro 2'><img loading=\"lazy\" width=\"1024\" height=\"683\" src=\"https:\/\/www.obc-suisse.ch\/wp-content\/uploads\/2024\/01\/obc-basel-buero-mieten-mittel-1024x683.jpg\" alt=\"Kleines m\u00f6bliertes B\u00fcro in Basel im Baloise Park - OBC Suisse AG\" itemprop=\"image\" decoding=\"async\" srcset=\"https:\/\/www.obc-suisse.ch\/wp-content\/uploads\/2024\/01\/obc-basel-buero-mieten-mittel-1024x683.jpg 1024w, https:\/\/www.obc-suisse.ch\/wp-content\/uploads\/2024\/01\/obc-basel-buero-mieten-mittel-300x200.jpg 300w, https:\/\/www.obc-suisse.ch\/wp-content\/uploads\/2024\/01\/obc-basel-buero-mieten-mittel-768x512.jpg 768w, https:\/\/www.obc-suisse.ch\/wp-content\/uploads\/2024\/01\/obc-basel-buero-mieten-mittel-1536x1024.jpg 1536w, https:\/\/www.obc-suisse.ch\/wp-content\/uploads\/2024\/01\/obc-basel-buero-mieten-mittel-2048x1365.jpg 2048w, https:\/\/www.obc-suisse.ch\/wp-content\/uploads\/2024\/01\/obc-basel-buero-mieten-mittel-18x12.jpg 18w, https:\/\/www.obc-suisse.ch\/wp-content\/uploads\/2024\/01\/obc-basel-buero-mieten-mittel-600x400.jpg 600w\" sizes=\"auto, (max-width: 1024px) 100vw, 1024px\" \/><\/a>\n<h3><a href='https:\/\/www.obc-suisse.ch\/raum\/basel-buero-2\/' title='Basel &#8211; B\u00fcro 2'>Basel &#8211; B\u00fcro 2<\/a><\/h3>\n\t<p>Die Anordnung der Tische k\u00f6nnen Sie gerne selber bestimmen und wir richten das B\u00fcro nach Ihren Vorstellungen ein. So haben Sie Platz f\u00fcr sich und Ihre Mitarbeiter und k\u00f6nnen auch Meetings v\u00f6llig ungest\u00f6rt abhalten.<\/p>\n<br \/>\n\t    <img decoding=\"async\" src=\"https:\/\/www.obc-suisse.ch\/wp-content\/uploads\/2019\/12\/groesse.png\" alt=\"Icon f\u00fcr B\u00fcrogr\u00f6sse\" \/> Gr\u00f6sse: 32.4m<sup>2<\/sup>\n        <img decoding=\"async\" src=\"https:\/\/www.obc-suisse.ch\/wp-content\/uploads\/2019\/12\/etage.png\" alt=\"Icon f\u00fcr Etage\" \/> Etage: 6 oder 7\n        <img decoding=\"async\" src=\"https:\/\/www.obc-suisse.ch\/wp-content\/uploads\/2019\/12\/anzahl_ap.png\" alt=\"Icon f\u00fcr Anzahl Arbeitspl\u00e4tze\" \/> Anzahl Arbeitspl\u00e4tze: 5\n\t\n<p><a href=\"https:\/\/www.obc-suisse.ch\/raum\/basel-buero-2\/\">B\u00fcro Details<\/a><\/p>\n\t<meta itemscope itemprop=\"mainEntityOfPage\" itemtype=\"https:\/\/schema.org\/WebPage\" itemid=\"https:\/\/www.obc-suisse.ch\/raum\/basel-buero-3\/\" content=\"Basel &#8211; B\u00fcro 3\" \/><meta itemprop=\"datePublished\" content=\"2020-03-13\" \/><meta itemprop=\"dateModified\" content=\"2024-01-19\" \/><meta itemprop=\"name\" content=\"OBC Suisse\"\/><meta itemprop=\"url\" content=\"https:\/\/www.obc-suisse.ch\/wp-content\/uploads\/2018\/09\/logo-obc.svg\"\/><meta itemprop=\"url\" content=\"https:\/\/www.obc-suisse.ch\/author\/flinkthink\/\" \/><meta itemprop=\"name\" content=\"Michael Salzer\" \/><meta itemprop=\"url\" content=\"https:\/\/www.obc-suisse.ch\/wp-content\/uploads\/2024\/01\/obc-basel-buero-mieten-gross-scaled.jpg\" \/><meta itemprop=\"width\" content=\"2560\" \/><meta itemprop=\"height\" content=\"1707\" \/><meta itemprop=\"interactionType\" content=\"https:\/\/schema.org\/CommentAction\" \/><meta itemprop=\"userInteractionCount\" content=\"0\" \/>\n    <a href='https:\/\/www.obc-suisse.ch\/raum\/basel-buero-3\/' title='Basel &#8211; B\u00fcro 3'><img loading=\"lazy\" width=\"1024\" height=\"683\" src=\"https:\/\/www.obc-suisse.ch\/wp-content\/uploads\/2024\/01\/obc-basel-buero-mieten-gross-1024x683.jpg\" alt=\"M\u00f6bliertes B\u00fcro f\u00fcr ein Team in Basel im Baloise Park - OBC Suisse AG\" itemprop=\"image\" decoding=\"async\" srcset=\"https:\/\/www.obc-suisse.ch\/wp-content\/uploads\/2024\/01\/obc-basel-buero-mieten-gross-1024x683.jpg 1024w, https:\/\/www.obc-suisse.ch\/wp-content\/uploads\/2024\/01\/obc-basel-buero-mieten-gross-300x200.jpg 300w, https:\/\/www.obc-suisse.ch\/wp-content\/uploads\/2024\/01\/obc-basel-buero-mieten-gross-768x512.jpg 768w, https:\/\/www.obc-suisse.ch\/wp-content\/uploads\/2024\/01\/obc-basel-buero-mieten-gross-1536x1024.jpg 1536w, https:\/\/www.obc-suisse.ch\/wp-content\/uploads\/2024\/01\/obc-basel-buero-mieten-gross-2048x1365.jpg 2048w, https:\/\/www.obc-suisse.ch\/wp-content\/uploads\/2024\/01\/obc-basel-buero-mieten-gross-18x12.jpg 18w, https:\/\/www.obc-suisse.ch\/wp-content\/uploads\/2024\/01\/obc-basel-buero-mieten-gross-600x400.jpg 600w\" sizes=\"auto, (max-width: 1024px) 100vw, 1024px\" \/><\/a>\n<h3><a href='https:\/\/www.obc-suisse.ch\/raum\/basel-buero-3\/' title='Basel &#8211; B\u00fcro 3'>Basel &#8211; B\u00fcro 3<\/a><\/h3>\n\t<p>Anstelle von zwei weiteren Arbeitspl\u00e4tzen bieten wir Ihnen wahlweise auch einen Besprechungstisch an. So haben Sie Platz f\u00fcr sich und Ihre G\u00e4ste und k\u00f6nnen ein Meeting v\u00f6llig ungest\u00f6rt abhalten.<\/p>\n<br \/>\n\t    <img decoding=\"async\" src=\"https:\/\/www.obc-suisse.ch\/wp-content\/uploads\/2019\/12\/groesse.png\" alt=\"Icon f\u00fcr B\u00fcrogr\u00f6sse\" \/> Gr\u00f6sse: 60m<sup>2<\/sup>\n        <img decoding=\"async\" src=\"https:\/\/www.obc-suisse.ch\/wp-content\/uploads\/2019\/12\/etage.png\" alt=\"Icon f\u00fcr Etage\" \/> Etage: 6 oder 7\n        <img decoding=\"async\" src=\"https:\/\/www.obc-suisse.ch\/wp-content\/uploads\/2019\/12\/anzahl_ap.png\" alt=\"Icon f\u00fcr Anzahl Arbeitspl\u00e4tze\" \/> Anzahl Arbeitspl\u00e4tze: 9\n\t\n<p><a href=\"https:\/\/www.obc-suisse.ch\/raum\/basel-buero-3\/\">B\u00fcro Details<\/a><\/p>\n\n\t\t<h2><a href=\"https:\/\/www.obc-suisse.ch\/kontakt\/\" target=\"_self\">Daf\u00fcr stehen wir:<br \/>Ihr ganz pers\u00f6nliches Angebot<\/a><\/h2><p>Darum z\u00f6gern Sie nicht auf uns zu zukommen. Wir freuen uns darauf Sie zu beraten und Sie zu unseren gesch\u00e4tzten Kunden z\u00e4hlen zu d\u00fcrfen.<\/p>\n<link rel='stylesheet' id='formidable-css' href='https:\/\/www.obc-suisse.ch\/wp-content\/plugins\/formidable\/css\/formidableforms.css?ver=4231238' media='all' \/>\n<div class=\"frm_forms  with_frm_style frm_style_formidable-style\" id=\"frm_form_11_container\" >\n<form enctype=\"multipart\/form-data\" method=\"post\" class=\"frm-show-form  frm_js_validate  frm_ajax_submit  frm_pro_form \" id=\"form_kontaktfooter\" >\n<div class=\"frm_form_fields \">\n<fieldset>\n<legend class=\"frm_screen_reader\">Kontakt Footer<\/legend>\r\n\r\n<div class=\"frm_fields_container\">\n<input type=\"hidden\" name=\"frm_action\" value=\"create\" \/>\n<input type=\"hidden\" name=\"form_id\" value=\"11\" \/>\n<input type=\"hidden\" name=\"frm_hide_fields_11\" id=\"frm_hide_fields_11\" value=\"\" \/>\n<input type=\"hidden\" name=\"form_key\" value=\"kontaktfooter\" \/>\n<input type=\"hidden\" name=\"item_meta[0]\" value=\"\" \/>\n<input type=\"hidden\" id=\"frm_submit_entry_11\" name=\"frm_submit_entry_11\" value=\"febf3a441d\" \/><input type=\"hidden\" name=\"_wp_http_referer\" value=\"\/en\/wp-json\/wp\/v2\/pages\/2197\" \/><div id=\"frm_field_106_container\" class=\"frm_form_field form-field  frm_required_field frm_top_container frm_half frm_first\">\r\n    <label for=\"field_hqu55\" id=\"field_hqu55_label\" class=\"frm_primary_label\">Ihr Name\r\n        <span class=\"frm_required\">*<\/span>\r\n    <\/label>\r\n    <input  type=\"text\" id=\"field_hqu55\" name=\"item_meta[106]\" value=\"\"  data-reqmsg=\"Ihr Name cannot be blank.\" aria-required=\"true\" data-invmsg=\"Text ist ung\u00fcltig\" aria-invalid=\"false\"   \/>\r\n    \r\n    \r\n<\/div>\n<div id=\"frm_field_108_container\" class=\"frm_form_field form-field  frm_top_container frm_half\">\r\n    <label for=\"field_batab\" id=\"field_batab_label\" class=\"frm_primary_label\">Unternehmen\r\n        <span class=\"frm_required\"><\/span>\r\n    <\/label>\r\n    <input  type=\"text\" id=\"field_batab\" name=\"item_meta[108]\" value=\"\"  data-invmsg=\"Text ist ung\u00fcltig\" aria-invalid=\"false\"   \/>\r\n    \r\n    \r\n<\/div>\n<div id=\"frm_field_107_container\" class=\"frm_form_field form-field  frm_top_container\">\r\n    <label for=\"field_qnpjg\" id=\"field_qnpjg_label\" class=\"frm_primary_label\">B\u00fcrogr\u00f6sse (Anzahl Personen)\r\n        <span class=\"frm_required\"><\/span>\r\n    <\/label>\r\n    <input  type=\"text\" id=\"field_qnpjg\" name=\"item_meta[107]\" value=\"\"  data-invmsg=\"Text ist ung\u00fcltig\" aria-invalid=\"false\"   \/>\r\n    \r\n    \r\n<\/div>\n<div id=\"frm_field_110_container\" class=\"frm_form_field form-field  frm_required_field frm_top_container frm_first frm_half\">\r\n    <label for=\"field_b87c8\" id=\"field_b87c8_label\" class=\"frm_primary_label\">E-Mail\r\n        <span class=\"frm_required\">*<\/span>\r\n    <\/label>\r\n    <input type=\"email\" id=\"field_b87c8\" name=\"item_meta[110]\" value=\"\"  data-reqmsg=\"E-Mail cannot be blank.\" aria-required=\"true\" data-invmsg=\"E-Mail ist ung\u00fcltig\" aria-invalid=\"false\"  \/>\r\n    \r\n    \r\n<\/div>\n<div id=\"frm_field_111_container\" class=\"frm_form_field form-field  frm_top_container frm_half\">\r\n    <label for=\"field_nrc3t\" id=\"field_nrc3t_label\" class=\"frm_primary_label\">Telefon\r\n        <span class=\"frm_required\"><\/span>\r\n    <\/label>\r\n    <input  type=\"text\" id=\"field_nrc3t\" name=\"item_meta[111]\" value=\"\"  data-invmsg=\"Text ist ung\u00fcltig\" aria-invalid=\"false\"   \/>\r\n    \r\n    \r\n<\/div>\n<div id=\"frm_field_118_container\" class=\"frm_form_field form-field  frm_none_container\">\r\n    <label for=\"h-captcha-response\" id=\"field_se3ox_label\" class=\"frm_primary_label\">reCAPTCHA\r\n        <span class=\"frm_required\" aria-hidden=\"true\"><\/span>\r\n    <\/label>\r\n    <div  id=\"field_se3ox\" class=\"h-captcha\" data-sitekey=\"3224e825-96ba-446b-ad57-c75cf36ba2f5\" data-size=\"normal\" data-theme=\"light\"><\/div>\r\n    \r\n    \r\n<\/div>\n\t<input type=\"hidden\" name=\"item_key\" value=\"\" \/>\n\t\t\t<div id=\"frm_field_121_container\">\n\t\t\t<label for=\"field_i611\" >\n\t\t\t\tIf you are human, leave this field blank.\t\t\t<\/label>\n\t\t\t<input  id=\"field_i611\" type=\"text\" class=\"frm_form_field form-field frm_verify\" name=\"item_meta[121]\" value=\"\"  \/>\n\t\t<\/div>\n\t\t<input name=\"frm_state\" type=\"hidden\" value=\"u1RGAjgL3e96G6M6MkIU8X32Up7FBysqgGEilbxgcb1IElHfgH+OZ7MaBblMiEpz\" \/><div class=\"frm_submit\">\r\n\r\n<button class=\"frm_button_submit frm_final_submit\" type=\"submit\"   formnovalidate=\"formnovalidate\">Anfrage absenden<\/button>\r\n\r\n<\/div><\/div>\n<\/fieldset>\n<\/div>\n\n<\/form>\n<\/div>\n\n\t\t\t\t<img decoding=\"async\" src=\"https:\/\/www.obc-suisse.ch\/wp-content\/uploads\/2023\/10\/Sophia_Zorbas_OBC_Suisse_weisser-Hintergrund.jpg\" alt=\"Sophia_Zorbas_OBC_Suisse_weisser-Hintergrund\" itemprop=\"image\" height=\"800\" width=\"1468\" title=\"Sophia_Zorbas_OBC_Suisse_weisser-Hintergrund\" onerror=\"this.style.display='none'\" loading='lazy' \/>\n\t<strong>Sophia Zorbas<\/strong><br \/>\nCenter Manager Z\u00fcrich &amp; Basel<br \/>\n<strong><a href=\"tel:0041612254444\">+41 61 225 44 44<\/a><\/strong><br \/>\n<strong><a href=\"mailto:basel@obc-suisse.ch\" target=\"_blank\" rel=\"noopener\" data-token-index=\"0\" data-reactroot=\"\">basel@obc-suisse.ch<\/a><\/strong>\n\t\t\t<h2>Basel-City<\/h2>\t\t\t\n\t\t\t\t<p>Aeschengraben 29, 4051 Basel<\/p>\n\t<iframe src=\"https:\/\/www.google.com\/maps\/embed\/v1\/place?q=OBC+Suisse+AG%2C+Aeschengraben+29%2C+4051+Basel&#038;key=AIzaSyD09zQ9PNDNNy9TadMuzRV_UsPUoWKntt8\" aria-hidden=\"true\"><\/iframe>\n\n","protected":false},"excerpt":{"rendered":"<p>Our seminar rooms offer you ideal conditions for successful seminars at our locations in Zurich.<\/p>","protected":false},"author":2,"featured_media":3855,"parent":0,"menu_order":0,"comment_status":"closed","ping_status":"closed","template":"","meta":{"_seopress_robots_primary_cat":"","_seopress_titles_title":"Exzellente B\u00fcror\u00e4umlichkeiten im Baloise Park \u2013 OBC Suisse","_seopress_titles_desc":"B\u00fcror\u00e4umlichkeiten von OBC Suisse im Baloise Park in unmittelbarer N\u00e4he zum Bahnhof Basel. Mieten Sie jetzt Ihr optimales B\u00fcro. Flexibel und modern.","_seopress_robots_index":"","site-sidebar-layout":"no-sidebar","site-content-layout":"page-builder","ast-site-content-layout":"full-width-container","site-content-style":"unboxed","site-sidebar-style":"unboxed","ast-global-header-display":"","ast-banner-title-visibility":"","ast-main-header-display":"","ast-hfb-above-header-display":"","ast-hfb-below-header-display":"","ast-hfb-mobile-header-display":"","site-post-title":"disabled","ast-breadcrumbs-content":"","ast-featured-img":"disabled","footer-sml-layout":"","ast-disable-related-posts":"","theme-transparent-header-meta":"default","adv-header-id-meta":"","stick-header-meta":"","header-above-stick-meta":"","header-main-stick-meta":"","header-below-stick-meta":"","astra-migrate-meta-layouts":"set","ast-page-background-enabled":"default","ast-page-background-meta":{"desktop":{"background-color":"","background-image":"","background-repeat":"repeat","background-position":"center center","background-size":"auto","background-attachment":"scroll","background-type":"","background-media":"","overlay-type":"","overlay-color":"","overlay-opacity":"","overlay-gradient":""},"tablet":{"background-color":"","background-image":"","background-repeat":"repeat","background-position":"center center","background-size":"auto","background-attachment":"scroll","background-type":"","background-media":"","overlay-type":"","overlay-color":"","overlay-opacity":"","overlay-gradient":""},"mobile":{"background-color":"","background-image":"","background-repeat":"repeat","background-position":"center center","background-size":"auto","background-attachment":"scroll","background-type":"","background-media":"","overlay-type":"","overlay-color":"","overlay-opacity":"","overlay-gradient":""}},"ast-content-background-meta":{"desktop":{"background-color":"var(--ast-global-color-5)","background-image":"","background-repeat":"repeat","background-position":"center center","background-size":"auto","background-attachment":"scroll","background-type":"","background-media":"","overlay-type":"","overlay-color":"","overlay-opacity":"","overlay-gradient":""},"tablet":{"background-color":"var(--ast-global-color-5)","background-image":"","background-repeat":"repeat","background-position":"center center","background-size":"auto","background-attachment":"scroll","background-type":"","background-media":"","overlay-type":"","overlay-color":"","overlay-opacity":"","overlay-gradient":""},"mobile":{"background-color":"var(--ast-global-color-5)","background-image":"","background-repeat":"repeat","background-position":"center center","background-size":"auto","background-attachment":"scroll","background-type":"","background-media":"","overlay-type":"","overlay-color":"","overlay-opacity":"","overlay-gradient":""}},"iawp_total_views":3835,"footnotes":""},"class_list":["post-2197","page","type-page","status-publish","has-post-thumbnail","hentry"],"_links":{"self":[{"href":"https:\/\/www.obc-suisse.ch\/en\/wp-json\/wp\/v2\/pages\/2197","targetHints":{"allow":["GET"]}}],"collection":[{"href":"https:\/\/www.obc-suisse.ch\/en\/wp-json\/wp\/v2\/pages"}],"about":[{"href":"https:\/\/www.obc-suisse.ch\/en\/wp-json\/wp\/v2\/types\/page"}],"author":[{"embeddable":true,"href":"https:\/\/www.obc-suisse.ch\/en\/wp-json\/wp\/v2\/users\/2"}],"replies":[{"embeddable":true,"href":"https:\/\/www.obc-suisse.ch\/en\/wp-json\/wp\/v2\/comments?post=2197"}],"version-history":[{"count":11,"href":"https:\/\/www.obc-suisse.ch\/en\/wp-json\/wp\/v2\/pages\/2197\/revisions"}],"predecessor-version":[{"id":3865,"href":"https:\/\/www.obc-suisse.ch\/en\/wp-json\/wp\/v2\/pages\/2197\/revisions\/3865"}],"wp:featuredmedia":[{"embeddable":true,"href":"https:\/\/www.obc-suisse.ch\/en\/wp-json\/wp\/v2\/media\/3855"}],"wp:attachment":[{"href":"https:\/\/www.obc-suisse.ch\/en\/wp-json\/wp\/v2\/media?parent=2197"}],"curies":[{"name":"wp","href":"https:\/\/api.w.org\/{rel}","templated":true}]}}