{"id":2706,"date":"2020-09-11T08:48:21","date_gmt":"2020-09-11T06:48:21","guid":{"rendered":"https:\/\/www.obc-suisse.ch\/?page_id=2706"},"modified":"2026-04-08T13:21:22","modified_gmt":"2026-04-08T11:21:22","slug":"office-rental-zurich","status":"publish","type":"page","link":"https:\/\/www.obc-suisse.ch\/en\/buero-mieten-basel\/","title":{"rendered":"Rent an office Basel"},"content":{"rendered":"\n<figure itemscope itemtype=\"https:\/\/schema.org\/ImageObject\">\n\t\t\t\t<img decoding=\"async\" src=\"https:\/\/www.obc-suisse.ch\/wp-content\/uploads\/2020\/03\/baloise-park-buero-basel-2000x625.jpg\" alt=\"Baloise Park in der n\u00e4he des Bahnhofs\" height=\"625\" width=\"2000\" title=\"baloise-park-buero-basel\" onerror=\"this.style.display='none'\" loading=\"lazy\" \/>\n\t<\/figure>\n\t\t\t<h1>B\u00fcro mieten in Basel-City<\/h1>\t\t\t\n\t\t\t\t<p>Mieten Sie im Business Center <strong>Baloise Park<\/strong> an unserem\u00a0 Basel-City Standort <strong>komplett eingerichtete und moderne B\u00fcros, <\/strong>die <strong>zeitlich flexibel<\/strong> ganz nach Ihren Bed\u00fcrfnissen gebucht werden k\u00f6nnen. Sie haben ein wichtiges Meeting und ben\u00f6tigen einen Besprechungsraum? Mit OBC Suisse sind Sie flexibel! Mieten Sie Ihr <strong>Einzelb\u00fcro,<\/strong> <strong>Teamb\u00fcro<\/strong> oder <strong>Sitzungszimmer<\/strong> in Basel.<\/p>\n<p>Der Standort Basel-City ist sehr gut an \u00f6ffentliche Verkehrsmittel angebunden und in nur wenigen Gehminuten vom Basel Bahnhof SBB zu erreichen. Der Baloise Park bietet eine <strong>tolle Aussicht \u00fcber Basel<\/strong>, der auch Ihre Kunden oder Mitarbeiter begeistern wird.<br \/><strong>Mieten<\/strong>\u00a0Sie Ihr B\u00fcro in Basel <strong>pro Stunde, Tag, Monat oder Jahr<\/strong>.<\/p>\n\t\t\t<a href=\"#kontaktbasel\"  target=\"_self\">\n\t\t\t\t\t\tB\u00fcro in Basel mieten\n\t\t\t\t\t<\/a>\n\t<h2><strong>B\u00dcRO ALL INCLUSIVE<br \/>\n<\/strong><\/h2>\n<p>Jeder Arbeitsplatz, jedes Sitzungszimmer und jede Lounge ist\u00a0 bei uns in Basel direkt betriebsbereit und mit allem ausgestattet, was Sie ben\u00f6tigen. Um die sich im Hintergrund abspielenden Erledigungen, wie Versicherungen oder \u00e4hnliches, m\u00fcssen Sie sich keine Gedanken machen. Lassen Sie sich ausserdem von unseren zus\u00e4tzlichen Services \u00fcberzeugen:<\/p>\n\t<h3><strong>Ihre Vorteile im B\u00fcro Basel-City<\/strong><\/h3>\n\t<ul>\n\t\t<li>\t\t\t\t\n\t\t<h3>In Bahnhofsn\u00e4he<\/h3><p>Der Baloise Park liegt wenige Gehminuten vom Bahnhof Basel SBB entfernt, von dem aus Sie auch den Flughafen schnell erreichen.<\/p><\/li>\t<\/ul>\n\t<ul>\n\t\t<li>\t\t\t\t\n\t\t<h3>Modern &amp; hell<\/h3><p>Das 2020 erbaute Geb\u00e4ude bietet top moderne und helle B\u00fcro- und Seminarr\u00e4ume inklusive Inventar &amp; WLAN.<\/p><\/li>\t<\/ul>\n\t<ul>\n\t\t<li>\t\t\t\t\n\t\t<h3>Inspirierende Aussicht<\/h3><p>Der Baloise Park misst eine H\u00f6he von 34 m und bietet mit 7 Stockwerken eine einmalige Sicht \u00fcber Basel.<\/p><\/li>\t<\/ul>\n\t<ul>\n\t\t<li>\t\t\t\t\n\t\t<h3>Pausenlounge <\/h3><p>Moderne Pausenr\u00e4ume ausgestattet mit Mikrowelle, Kaffeemaschine und gem\u00fctlichen Sitzm\u00f6glichkeiten laden zum Entspannen ein.<\/p><\/li>\t<\/ul>\n\t<h2>B\u00fcro Leistungen im \u00dcberblick:<\/h2>\n\t<h3>\n\t\t\t\tFlexibler<br \/>Arbeitsplatz\n\t\t\t<\/h3>\n<figure itemscope itemtype=\"https:\/\/schema.org\/ImageObject\">\n\t\t\t\t<img decoding=\"async\" src=\"https:\/\/www.obc-suisse.ch\/wp-content\/uploads\/2018\/11\/FlexiblerArbeitsplatz_OBC.svg\" alt=\"Flexibler Arbeitsplatz Icon\" height=\"\" width=\"\" title=\"FlexiblerArbeitsplatz_OBC\" onerror=\"this.style.display='none'\" loading=\"lazy\" \/>\n\t<\/figure>\n\t<h3>\n\t\t\t\tModerne<br \/>Technik\n\t\t\t<\/h3>\n<figure itemscope itemtype=\"https:\/\/schema.org\/ImageObject\">\n\t\t\t\t<img decoding=\"async\" src=\"https:\/\/www.obc-suisse.ch\/wp-content\/uploads\/2018\/11\/ModerneTechnik_OBC.svg\" alt=\"Technik Icon\" height=\"\" width=\"\" title=\"ModerneTechnik_OBC\" onerror=\"this.style.display='none'\" loading=\"lazy\" \/>\n\t<\/figure>\n\t<h3>\n\t\t\t\tProfessionelle<br \/>Services\n\t\t\t<\/h3>\n<figure itemscope itemtype=\"https:\/\/schema.org\/ImageObject\">\n\t\t\t\t<img decoding=\"async\" src=\"https:\/\/www.obc-suisse.ch\/wp-content\/uploads\/2018\/11\/ProfessionelleServices_OBC.svg\" alt=\"B\u00fcrodienstleister Icon\" height=\"\" width=\"\" title=\"ProfessionelleServices_OBC\" onerror=\"this.style.display='none'\" loading=\"lazy\" \/>\n\t<\/figure>\n\t<h3>\n\t\t\t\tOptimale<br \/>Infrastruktur\n\t\t\t<\/h3>\n<figure itemscope itemtype=\"https:\/\/schema.org\/ImageObject\">\n\t\t\t\t<img decoding=\"async\" src=\"https:\/\/www.obc-suisse.ch\/wp-content\/uploads\/2018\/11\/OptimaleInfrastruktur_OBC.svg\" alt=\"Infrastruktur Icon\" height=\"\" width=\"\" title=\"OptimaleInfrastruktur_OBC\" onerror=\"this.style.display='none'\" loading=\"lazy\" \/>\n\t<\/figure>\n\t<h2><strong>Das B\u00fcro nach Ihren Bed\u00fcrfnissen<\/strong><\/h2>\n<p>Jedes gesch\u00e4ftliche Vorhaben findet bei uns in Basel seinen idealen Rahmen. <strong>Ob Selbstst\u00e4ndig, Kleinunternehmen oder Grossunternehmen<\/strong> bei uns sind Sie in besten H\u00e4nden!<\/p>\n<p>Dank unserer grossen Flexibilit\u00e4t ist dies auch kurzfristig m\u00f6glich: Sie k\u00f6nnen sofort starten &#8211; und sich voll und ganz darauf verlassen, dass Sie bei OBC Suisse alles vorfinden, was sie ben\u00f6tigen, um <strong>situationsgerecht arbeiten und pr\u00e4sentieren<\/strong> zu k\u00f6nnen.<\/p>\n<h3>\n\t\t\tFinden Sie Ihr passendes B\u00fcro in Basel\t<\/h3>\n\t<a href=\"\/teambuero-basel\/\" target=\"_self\"  aria-label=\"Go to \/teambuero-basel\/\"><\/a>\n\t\t\t\t<img decoding=\"async\" src=\"https:\/\/www.obc-suisse.ch\/wp-content\/uploads\/2018\/11\/Teambueros_OBC.svg\" alt=\"Teamb\u00fcro Icon\" title=\"Teambueros_OBC\" itemprop=\"image\"\/>\n\t\t<h3>Teamb\u00fcros in Basel<\/h3>\t\t\t\n\t\t\t\t<p>Ger\u00e4umige B\u00fcros f\u00fcr kleine und grosse Teams.\u00a0<\/p>\n\t<a href=\"\/seminarraum-basel\/\" target=\"_self\"  aria-label=\"Go to \/seminarraum-basel\/\"><\/a>\n\t\t\t\t<img decoding=\"async\" src=\"https:\/\/www.obc-suisse.ch\/wp-content\/uploads\/2018\/11\/Coworking_OBC.svg\" alt=\"Coworking Icon\" title=\"Coworking_OBC\" itemprop=\"image\"\/>\n\t\t<h3>Seminarraum Basel<\/h3>\t\t\t\n\t\t\t\t<p>Moderne Seminarr\u00e4ume f\u00fcr Ihr Business- oder Teammeeting.<\/p>\n\t<a href=\"\/einzelbuero-basel\/\" target=\"_self\"  aria-label=\"Go to \/einzelbuero-basel\/\"><\/a>\n\t\t\t\t<img decoding=\"async\" src=\"https:\/\/www.obc-suisse.ch\/wp-content\/uploads\/2018\/11\/Einzelbueros_OBC.svg\" alt=\"Einzelb\u00fcro Icon\" title=\"Einzelbueros_OBC\" itemprop=\"image\"\/>\n\t\t<h3>Einzelb\u00fcros in Basel<\/h3>\t\t\t\n\t\t\t\t<p>B\u00fcros mit 1 &#8211; 2 Arbeitspl\u00e4tzen, in denen Sie in Ruhe arbeiten k\u00f6nnen.<\/p>\n<figure itemscope itemtype=\"https:\/\/schema.org\/ImageObject\">\n\t\t\t\t<img decoding=\"async\" src=\"https:\/\/www.obc-suisse.ch\/wp-content\/uploads\/2020\/04\/business-people-having-fun-in-office-QUFGEP6-Benutzerdefiniert.jpg\" alt=\"Kollegen unterhalten Sich im Einzelb\u00fcro Z\u00fcrich\" height=\"625\" width=\"1920\" title=\"einzelb\u00fcro-z\u00fcrich-coworker\" onerror=\"this.style.display='none'\" loading=\"lazy\" \/>\n\t<\/figure>\n\t<h3>B\u00fcror\u00e4umlichkeiten in Basel-City<\/h3>\n<strong>Ein wichtiges Meeting steht an?<br \/>\n<\/strong>Oder Sie und Ihr Team m\u00f6chten sich f\u00fcr interne Abstimmungen zusammensetzen und neue Projekte planen? Es ist uns von h\u00f6chster Priorit\u00e4t, dass Sie und Ihre Kunden sich in unseren Sitzungszimmern wohlf\u00fchlen. Wir konfigurieren das Sitzungszimmer nach<strong> Ihren W\u00fcnschen<\/strong> und stellen <strong>Whiteboards, Flipcharts<\/strong> und vieles mehr zur Verf\u00fcgung. Unser Team begr\u00fcsst Ihre G\u00e4ste und steht Ihnen auch bei <strong>technisches Schwierigkeiten zur Seite.<\/strong>\n\t\t<h3>Moderne Zimmer<\/h3>\t\t\t\n\t\t\t\t<p>Neue und bequeme Ausstattung in einem professionellen Arbeitsumfeld<\/p>\n\t\t<h3>Schnelles Internet<\/h3>\t\t\t\n\t\t\t\t<p>Sicheres High-Speed Internet, f\u00fcr zuverl\u00e4ssiges Arbeiten und Pr\u00e4sentieren<\/p>\n\t\t\t<a href=\"#kontaktbasel\"  target=\"_self\">\n\t\t\t\t\t\t\tJetzt B\u00fcror\u00e4ume in Basel entdecken\n\t\t\t\t\t<\/a>\n\t<h3><strong>Mieten Sie Ihr B\u00fcro in Basel<\/strong><\/h3>\n<strong>Ihre Selbstst\u00e4ndigkeit sucht einen Platz?<br \/>\n<\/strong>Sie suchen eine Abwechslung zum Homeoffice? Oder suchen einen geeigneten Ort um Kunden zu empfangen? Mieten Sie jetzt Ihr <strong>B\u00fcro in Basel<\/strong> und arbeiten Sie ganz ungest\u00f6rt an Ihrem pers\u00f6nlichen Arbeitsplatz. Stundenweise, tageweise, oder monatlich. Mit unseren <strong>flexiblen<\/strong> <strong>B\u00fcroangeboten <\/strong>richten wir uns ganz nach Ihren pers\u00f6nlichen W\u00fcnschen.\n\t\t<h3>Bequeme B\u00fcros<\/h3>\t\t\t\n\t\t\t\t<p>Neue und bequeme Ausstattung in einem professionellen Arbeitsumfeld<\/p>\n\t\t<h3>Networking<\/h3>\t\t\t\n\t\t\t\t<p>In unserer Pausenlounge k\u00f6nnen Sie sich mit gleichgesinnten vernetzen<\/p>\n\t\t\t<a href=\"#kontaktbasel\"  target=\"_self\">\n\t\t\t\t\t\t\tEinzelb\u00fcro Basel ansehen\n\t\t\t\t\t<\/a>\n<figure itemscope itemtype=\"https:\/\/schema.org\/ImageObject\">\n\t\t\t\t<img decoding=\"async\" src=\"https:\/\/www.obc-suisse.ch\/wp-content\/uploads\/2020\/04\/office-worker-XKT47RA-Benutzerdefiniert.jpg\" alt=\"Mitarbeitender im Einzelb\u00fcro Z\u00fcrich\" height=\"625\" width=\"1920\" title=\"Einzelb\u00fcro-z\u00fcrich-arbeitsplatz\" onerror=\"this.style.display='none'\" loading=\"lazy\" \/>\n\t<\/figure>\n\t<h2><strong>Wir sind f\u00fcr Sie da!<\/strong><\/h2>\n<p>Profitieren Sie von unserem mehrsprachigen Empfangs-, Telefon- und Sekretariatsdienst, der Sie in jedem unserer Business Center kompetent in Ihrer t\u00e4glichen Arbeit unterst\u00fctzt. Zudem bieten wir Ihnen in jedem unserer Center weitere Dienstleistungen wie Konferenzr\u00e4ume, <a href=\"https:\/\/www.obc-suisse.ch\/renommierte-geschaeftsadressen\/\">Gesch\u00e4ftsadressen<\/a> sowie <a href=\"https:\/\/www.obc-suisse.ch\/kompetenter-sprachendienst\/\">\u00dcbersetzungen<\/a> an.<\/p>\n<figure itemscope itemtype=\"https:\/\/schema.org\/ImageObject\">\n\t\t\t\t<img decoding=\"async\" src=\"https:\/\/www.obc-suisse.ch\/wp-content\/uploads\/2020\/09\/office-desk-P3KRRQ5-scaled.jpg\" alt=\"Tastatur, Notizblock und Kaffee stehen auf dem Schreibtisch\" height=\"1280\" width=\"1920\" title=\"Schreibtisch\" onerror=\"this.style.display='none'\" loading=\"lazy\" \/>\n\t<\/figure>\n\t<h3>Virtual Office Basel<\/h3>\n<p>Mit dem Angebot unserer Gesch\u00e4ftsadressen m\u00fcssen Sie keine aufwendige Infrastruktur aufbauen. Mit dem Virtual Office sorgen wir f\u00fcr eine optimale Repr\u00e4sentanz Ihres Unternehmens in der Schweiz. Gerne k\u00f6nnen Sie auch unseren Postservice nutzen.<\/p>\n\t\t\t<a href=\"https:\/\/www.obc-suisse.ch\/renommierte-geschaeftsadressen\/\"  target=\"_self\">\n\t\t\t\t\t\t\tZum Virtual Office Angebot\n\t\t\t\t\t<\/a>\n\t\t<h2><a href=\"https:\/\/www.obc-suisse.ch\/kontakt\/\" target=\"_self\">Daf\u00fcr stehen wir:<br \/>Ihr ganz pers\u00f6nliches Angebot<\/a><\/h2><p>Aus langj\u00e4hriger Erfahrung wissen wir, dass keiner unserer Kunde wie der andere ist. Jeder Kunde hat <strong>individuelle W\u00fcnsche, Bed\u00fcrfnisse und Fragen<\/strong> rund um die <b>B\u00fcrovermietung.<\/b>\u00a0Aus diesem Grund ist es uns wichtig, dass uns Zeit f\u00fcr Sie nehmen und <strong>ganz pers\u00f6nlich<\/strong> auf Sie eingehen k\u00f6nnen.<\/p>\n<p>Haben Sie beispielsweise Fragen zu unserer <strong>Raumausstattung<\/strong> oder der <strong>Bestuhlung<\/strong>? Ben\u00f6tigen Sie ein <strong>Ap\u00e9ro<\/strong> oder brauchen Sie <strong>Unterst\u00fctzung beim Empfang<\/strong>? Wir zeichnen uns als B\u00fcrodienstleister dadurch aus, dass wir auf individuelle Anfragen passende Angebote zusammenzustellen und wir unser Raum- und Serviceangebot auf Ihren pers\u00f6nlichen Arbeitsalltag und die Arbeitsweise Ihres Teams abstimmen.<\/p>\n<p>Darum z\u00f6gern Sie nicht auf uns zuzukommen. Wir freuen uns darauf Sie zu beraten und Sie zu unseren gesch\u00e4tzten Kunden z\u00e4hlen zu d\u00fcrfen.<\/p>\n<p>&nbsp;<\/p>\n<link rel='stylesheet' id='formidable-css' href='https:\/\/www.obc-suisse.ch\/wp-content\/plugins\/formidable\/css\/formidableforms.css?ver=4231238' media='all' \/>\n<div class=\"frm_forms  with_frm_style frm_style_formidable-style\" id=\"frm_form_11_container\" >\n<form enctype=\"multipart\/form-data\" method=\"post\" class=\"frm-show-form  frm_js_validate  frm_ajax_submit  frm_pro_form \" id=\"form_kontaktfooter\" >\n<div class=\"frm_form_fields \">\n<fieldset>\n<legend class=\"frm_screen_reader\">Kontakt Footer<\/legend>\r\n\r\n<div class=\"frm_fields_container\">\n<input type=\"hidden\" name=\"frm_action\" value=\"create\" \/>\n<input type=\"hidden\" name=\"form_id\" value=\"11\" \/>\n<input type=\"hidden\" name=\"frm_hide_fields_11\" id=\"frm_hide_fields_11\" value=\"\" \/>\n<input type=\"hidden\" name=\"form_key\" value=\"kontaktfooter\" \/>\n<input type=\"hidden\" name=\"item_meta[0]\" value=\"\" \/>\n<input type=\"hidden\" id=\"frm_submit_entry_11\" name=\"frm_submit_entry_11\" value=\"febf3a441d\" \/><input type=\"hidden\" name=\"_wp_http_referer\" value=\"\/en\/wp-json\/wp\/v2\/pages\/2706\" \/><div id=\"frm_field_106_container\" class=\"frm_form_field form-field  frm_required_field frm_top_container frm_half frm_first\">\r\n    <label for=\"field_hqu55\" id=\"field_hqu55_label\" class=\"frm_primary_label\">Ihr Name\r\n        <span class=\"frm_required\">*<\/span>\r\n    <\/label>\r\n    <input  type=\"text\" id=\"field_hqu55\" name=\"item_meta[106]\" value=\"\"  data-reqmsg=\"Ihr Name cannot be blank.\" aria-required=\"true\" data-invmsg=\"Text ist ung\u00fcltig\" aria-invalid=\"false\"   \/>\r\n    \r\n    \r\n<\/div>\n<div id=\"frm_field_108_container\" class=\"frm_form_field form-field  frm_top_container frm_half\">\r\n    <label for=\"field_batab\" id=\"field_batab_label\" class=\"frm_primary_label\">Unternehmen\r\n        <span class=\"frm_required\"><\/span>\r\n    <\/label>\r\n    <input  type=\"text\" id=\"field_batab\" name=\"item_meta[108]\" value=\"\"  data-invmsg=\"Text ist ung\u00fcltig\" aria-invalid=\"false\"   \/>\r\n    \r\n    \r\n<\/div>\n<div id=\"frm_field_107_container\" class=\"frm_form_field form-field  frm_top_container\">\r\n    <label for=\"field_qnpjg\" id=\"field_qnpjg_label\" class=\"frm_primary_label\">B\u00fcrogr\u00f6sse (Anzahl Personen)\r\n        <span class=\"frm_required\"><\/span>\r\n    <\/label>\r\n    <input  type=\"text\" id=\"field_qnpjg\" name=\"item_meta[107]\" value=\"\"  data-invmsg=\"Text ist ung\u00fcltig\" aria-invalid=\"false\"   \/>\r\n    \r\n    \r\n<\/div>\n<div id=\"frm_field_110_container\" class=\"frm_form_field form-field  frm_required_field frm_top_container frm_first frm_half\">\r\n    <label for=\"field_b87c8\" id=\"field_b87c8_label\" class=\"frm_primary_label\">E-Mail\r\n        <span class=\"frm_required\">*<\/span>\r\n    <\/label>\r\n    <input type=\"email\" id=\"field_b87c8\" name=\"item_meta[110]\" value=\"\"  data-reqmsg=\"E-Mail cannot be blank.\" aria-required=\"true\" data-invmsg=\"E-Mail ist ung\u00fcltig\" aria-invalid=\"false\"  \/>\r\n    \r\n    \r\n<\/div>\n<div id=\"frm_field_111_container\" class=\"frm_form_field form-field  frm_top_container frm_half\">\r\n    <label for=\"field_nrc3t\" id=\"field_nrc3t_label\" class=\"frm_primary_label\">Telefon\r\n        <span class=\"frm_required\"><\/span>\r\n    <\/label>\r\n    <input  type=\"text\" id=\"field_nrc3t\" name=\"item_meta[111]\" value=\"\"  data-invmsg=\"Text ist ung\u00fcltig\" aria-invalid=\"false\"   \/>\r\n    \r\n    \r\n<\/div>\n<div id=\"frm_field_118_container\" class=\"frm_form_field form-field  frm_none_container\">\r\n    <label for=\"h-captcha-response\" id=\"field_se3ox_label\" class=\"frm_primary_label\">reCAPTCHA\r\n        <span class=\"frm_required\" aria-hidden=\"true\"><\/span>\r\n    <\/label>\r\n    <div  id=\"field_se3ox\" class=\"h-captcha\" data-sitekey=\"3224e825-96ba-446b-ad57-c75cf36ba2f5\" data-size=\"normal\" data-theme=\"light\"><\/div>\r\n    \r\n    \r\n<\/div>\n\t<input type=\"hidden\" name=\"item_key\" value=\"\" \/>\n\t\t\t<div id=\"frm_field_121_container\">\n\t\t\t<label for=\"field_qvfm8\" >\n\t\t\t\tIf you are human, leave this field blank.\t\t\t<\/label>\n\t\t\t<input  id=\"field_qvfm8\" type=\"text\" class=\"frm_form_field form-field frm_verify\" name=\"item_meta[121]\" value=\"\"  \/>\n\t\t<\/div>\n\t\t<input name=\"frm_state\" type=\"hidden\" value=\"u1RGAjgL3e96G6M6MkIU8SLk0X3XuW24aTyNzFDchPdIElHfgH+OZ7MaBblMiEpz\" \/><div class=\"frm_submit\">\r\n\r\n<button class=\"frm_button_submit frm_final_submit\" type=\"submit\"   formnovalidate=\"formnovalidate\">Anfrage absenden<\/button>\r\n\r\n<\/div><\/div>\n<\/fieldset>\n<\/div>\n\n<\/form>\n<\/div>\n\n<figure itemscope itemtype=\"https:\/\/schema.org\/ImageObject\">\n\t\t\t\t<img decoding=\"async\" src=\"https:\/\/www.obc-suisse.ch\/wp-content\/uploads\/2023\/10\/Sophia_Zorbas_OBC_Suisse_weisser-Hintergrund.jpg\" alt=\"Sophia_Zorbas_OBC_Suisse_weisser-Hintergrund\" height=\"800\" width=\"1468\" title=\"Sophia_Zorbas_OBC_Suisse_weisser-Hintergrund\" onerror=\"this.style.display='none'\" loading=\"lazy\" \/>\n\t<\/figure>\n\t<p><strong>Sophia Zorbas<\/strong><br \/>Center Manager Z\u00fcrich &amp; Basel<\/p>\n<strong><a href=\"tel:0041612254444\">+41 61 225 44 44<\/a><\/strong><br \/>\n<strong><a href=\"mailto:basel@obc-suisse.ch\">basel@obc-suisse.ch<\/a><\/strong>\n\n","protected":false},"excerpt":{"rendered":"<p>OBC Suisse AG offers fully furnished individual and team offices ready for use at attractive conditions. <\/p>","protected":false},"author":2,"featured_media":270,"parent":0,"menu_order":0,"comment_status":"closed","ping_status":"closed","template":"","meta":{"_seopress_robots_primary_cat":"","_seopress_titles_title":"Einzelb\u00fcro mieten in Basel I Baloise Park I OBC Suisse","_seopress_titles_desc":"Mieten Sie Ihr modern eingerichtetes B\u00fcro in attraktiver Lage im Baloise Park in Basel nur wenige Gehminuten vom Bahnhof Basel SBB.","_seopress_robots_index":"","site-sidebar-layout":"no-sidebar","site-content-layout":"page-builder","ast-site-content-layout":"default","site-content-style":"default","site-sidebar-style":"default","ast-global-header-display":"","ast-banner-title-visibility":"","ast-main-header-display":"","ast-hfb-above-header-display":"","ast-hfb-below-header-display":"","ast-hfb-mobile-header-display":"","site-post-title":"disabled","ast-breadcrumbs-content":"","ast-featured-img":"disabled","footer-sml-layout":"","ast-disable-related-posts":"","theme-transparent-header-meta":"default","adv-header-id-meta":"","stick-header-meta":"","header-above-stick-meta":"","header-main-stick-meta":"","header-below-stick-meta":"","astra-migrate-meta-layouts":"default","ast-page-background-enabled":"default","ast-page-background-meta":{"desktop":{"background-color":"","background-image":"","background-repeat":"repeat","background-position":"center center","background-size":"auto","background-attachment":"scroll","background-type":"","background-media":"","overlay-type":"","overlay-color":"","overlay-opacity":"","overlay-gradient":""},"tablet":{"background-color":"","background-image":"","background-repeat":"repeat","background-position":"center center","background-size":"auto","background-attachment":"scroll","background-type":"","background-media":"","overlay-type":"","overlay-color":"","overlay-opacity":"","overlay-gradient":""},"mobile":{"background-color":"","background-image":"","background-repeat":"repeat","background-position":"center center","background-size":"auto","background-attachment":"scroll","background-type":"","background-media":"","overlay-type":"","overlay-color":"","overlay-opacity":"","overlay-gradient":""}},"ast-content-background-meta":{"desktop":{"background-color":"var(--ast-global-color-5)","background-image":"","background-repeat":"repeat","background-position":"center center","background-size":"auto","background-attachment":"scroll","background-type":"","background-media":"","overlay-type":"","overlay-color":"","overlay-opacity":"","overlay-gradient":""},"tablet":{"background-color":"var(--ast-global-color-5)","background-image":"","background-repeat":"repeat","background-position":"center center","background-size":"auto","background-attachment":"scroll","background-type":"","background-media":"","overlay-type":"","overlay-color":"","overlay-opacity":"","overlay-gradient":""},"mobile":{"background-color":"var(--ast-global-color-5)","background-image":"","background-repeat":"repeat","background-position":"center center","background-size":"auto","background-attachment":"scroll","background-type":"","background-media":"","overlay-type":"","overlay-color":"","overlay-opacity":"","overlay-gradient":""}},"iawp_total_views":167,"footnotes":""},"class_list":["post-2706","page","type-page","status-publish","has-post-thumbnail","hentry"],"_links":{"self":[{"href":"https:\/\/www.obc-suisse.ch\/en\/wp-json\/wp\/v2\/pages\/2706","targetHints":{"allow":["GET"]}}],"collection":[{"href":"https:\/\/www.obc-suisse.ch\/en\/wp-json\/wp\/v2\/pages"}],"about":[{"href":"https:\/\/www.obc-suisse.ch\/en\/wp-json\/wp\/v2\/types\/page"}],"author":[{"embeddable":true,"href":"https:\/\/www.obc-suisse.ch\/en\/wp-json\/wp\/v2\/users\/2"}],"replies":[{"embeddable":true,"href":"https:\/\/www.obc-suisse.ch\/en\/wp-json\/wp\/v2\/comments?post=2706"}],"version-history":[{"count":52,"href":"https:\/\/www.obc-suisse.ch\/en\/wp-json\/wp\/v2\/pages\/2706\/revisions"}],"predecessor-version":[{"id":3888,"href":"https:\/\/www.obc-suisse.ch\/en\/wp-json\/wp\/v2\/pages\/2706\/revisions\/3888"}],"wp:featuredmedia":[{"embeddable":true,"href":"https:\/\/www.obc-suisse.ch\/en\/wp-json\/wp\/v2\/media\/270"}],"wp:attachment":[{"href":"https:\/\/www.obc-suisse.ch\/en\/wp-json\/wp\/v2\/media?parent=2706"}],"curies":[{"name":"wp","href":"https:\/\/api.w.org\/{rel}","templated":true}]}}