{"id":2802,"date":"2020-09-17T13:47:32","date_gmt":"2020-09-17T11:47:32","guid":{"rendered":"https:\/\/www.obc-suisse.ch\/?page_id=2802"},"modified":"2026-04-08T13:27:27","modified_gmt":"2026-04-08T11:27:27","slug":"seminar-room-basel","status":"publish","type":"page","link":"https:\/\/www.obc-suisse.ch\/en\/seminarraum-basel\/","title":{"rendered":"Seminar Room Basel Rent"},"content":{"rendered":"\n<figure itemscope itemtype=\"https:\/\/schema.org\/ImageObject\">\n\t\t\t\t<img decoding=\"async\" src=\"https:\/\/www.obc-suisse.ch\/wp-content\/uploads\/2021\/09\/miete-bu\u0308ro-basel-2000x625.jpg\" alt=\"Besprechungsraum in Basel\" height=\"625\" width=\"2000\" title=\"Photo: Andrea Monica Hug\" onerror=\"this.style.display='none'\" loading=\"lazy\" \/>\n\t<\/figure>\n\t<h1>\n\t\t\t\tSeminarraum und Sitzungszimmer in Basel mieten\n\t\t\t<\/h1>\n\t\t\t\u00a0\t\n\t<p>Sie suchen einen passenden Raum f\u00fcr Ihr <strong>Gesch\u00e4ftsmeeting oder Ihr Seminar?<\/strong> <strong>OBC Suisse<\/strong> bietet Ihnen in <strong>Basel-City <\/strong>passende &amp; grossz\u00fcgige Seminarr\u00e4ume an, um Ihr Team oder Ihren Kunden in einem bequemen und professionellen Arbeitsumfeld zu empfangen. Wir helfen Ihnen den perfekten Raum f\u00fcr Ihr Business-Meeting, ein Vorstellungsgespr\u00e4ch oder ein Kundenevent zu finden.<\/p>\n<p><strong>Rundum ausgestattet &amp; flexibel buchbar! <\/strong>Empfangen Sie Ihre Kunden und Gesch\u00e4ftspartner in einem unserer fortschrittlichen Sitzungszimmer. Ausgestattet mit <strong>modernem Mobiliar <\/strong>und erstklassigem <strong>technischen Equipment.<\/strong><\/p>\n\t\t<h3>Rufen Sie uns an<\/h3>\n\t\t\t<p>+41 61 225 44 01<br \/>Mo-Fr 08:00-17:00<\/p>\n\t\t\t<a href=\"#kontaktbasel\"  target=\"_self\">\n\t\t\t\t\t\t\tSeminarraum Basel anfragen\n\t\t\t\t\t<\/a>\n<h2>\n\t\t\tIhre Vorteile im Sitzungszimmer in Basel\t<\/h2>\n\t<h3>\n\t\t\t\tFlexible<br \/>Raumaufteilung\n\t\t\t<\/h3>\n\t<h3>\n\t\t\t\tModerne<br \/>Technik\n\t\t\t<\/h3>\n\t<h3>\n\t\t\t\tProfessionelle<br \/>Services\n\t\t\t<\/h3>\n\t<h3>\n\t\t\t\tOptimale<br \/>Infrastruktur\n\t\t\t<\/h3>\n<figure itemscope itemtype=\"https:\/\/schema.org\/ImageObject\">\n\t\t\t\t<img decoding=\"async\" src=\"https:\/\/www.obc-suisse.ch\/wp-content\/uploads\/2021\/04\/seimiarraum-basel-mieten-meetingraum-basel-obc-suisse-683x1024.jpg\" alt=\"Mann h\u00e4lt Dokument mit Graphen in der Hand in einem Meeting\" height=\"1024\" width=\"683\" title=\"Group of business people in the meeting room.\" onerror=\"this.style.display='none'\" loading=\"lazy\" \/>\n\t<\/figure>\n\t<h3>Sitzungszimmer oder Seminarr\u00e4ume in Basel<\/h3>\n<strong>Ein wichtiges Meeting steht an?<br \/>\n<\/strong>Unsere Meetingr\u00e4ume am Standort <a href=\"https:\/\/www.obc-suisse.ch\/basel-baloise-park\/\">Basel-City<\/a>\u00a0sind <strong>zentral gelegen<\/strong> und befinden sich nur ein paar Gehminuten vom Bahnhof Basel SBB entfernt. Auch das Tram oder den Flughafen erreichen Sie schnell und einfach. Ausserdem bieten unsere Seminarr\u00e4ume einen <strong>einzigartigen Ausblick<\/strong> \u00fcber Basel.\n<strong>Flexible Vermietung<br \/>\n<\/strong>M\u00f6chten Sie einen Seminarraum oder Sitzungszimmer in Basel f\u00fcr wenige Stunden mieten oder brauchen Sie den Raum f\u00fcr mehrere Meetings am selben Tag? <strong>OBC Suisse<\/strong> l\u00e4sst Ihnen alle <strong>Freiheiten bei der zeitlichen Gestaltung.<\/strong> S\u00e4mtliche Meetingr\u00e4ume k\u00f6nnen halbtags- oder tageweise gebucht werden.\n\t\t<h3>Moderne Zimmer<\/h3>\t\t\t\n\t\t\t\t<p>Innovative und angenehme Ausstattung in einem professionellen Arbeitsumfeld.<\/p>\n<p>\u00a0<\/p>\n\t\t<h3>Schnelles Internet<\/h3>\t\t\t\n\t\t\t\t<p>Sicheres High-Speed Internet, damit Ihre Arbeiten und Pr\u00e4sentationen laufen<\/p>\n\t\t\t<a href=\"#kontaktbasel\"  target=\"_self\">\n\t\t\t\t\t\t\tSitzungszimmer Basel buchen\n\t\t\t\t\t<\/a>\n\t<h3>Ausstattung nach Wunsch<\/h3>\n<p>OBC Suisse in Basel bietet Ihnen die <strong>notwendige technische Ausstattung<\/strong> f\u00fcr ein erfolgreiches Meeting in jedem unserer Seminarr\u00e4ume. <strong>Schnelles WLAN<\/strong> und Flipcharts geh\u00f6ren zur Grundausstattung. Sie ben\u00f6tigen auch <strong>Beamer und Leinwand?<\/strong> Selbstverst\u00e4ndlich sind diese auch in unseren Seminarr\u00e4umen vorhanden. Unsere Mitarbeitenden helfen Ihnen gerne bei der Einrichtung der Technik.<\/p>\n<strong>Sekretariats-Service &amp; Catering<br \/>\n<\/strong>Der <strong>Sekretariats-Service<\/strong> steht Ihnen bei der Organisation Ihres Meetings und bei technischen Fragen jederzeit zur Seite. Auch administrative Aufgaben \u00fcbernehmen wir gerne f\u00fcr Sie.\nWir versorgen Sie in den Pausen gerne mit Wasser, Kaffee und Snacks<strong>.<\/strong> Sie haben ein l\u00e4ngeres Meeting? Dann organisieren wir auf Ihren Wunsch auch gerne einen <strong>Stehlunch oder Ap\u00e9ro.<\/strong><br \/>\nNach Ihrem gemeinsamen Meeting buchen wir selbstverst\u00e4ndlich gerne den Transfer zum Hotel, Flughafen oder Bahnhof f\u00fcr Sie und Ihre Kollegen.\n\t\t\t<a href=\"#kontaktbasel\"  target=\"_self\">\n\t\t\t\t\t\t\tSeminarraum Basel buchen\n\t\t\t\t\t<\/a>\n<figure itemscope itemtype=\"https:\/\/schema.org\/ImageObject\">\n\t\t\t\t<img decoding=\"async\" src=\"https:\/\/www.obc-suisse.ch\/wp-content\/uploads\/2021\/04\/meetingraum-modern-basel-mieten-obc-suisse-683x1024.jpg\" alt=\"Frau in einem Meeting\" height=\"1024\" width=\"683\" title=\"Business colleagues in conference meeting room during presentation\" onerror=\"this.style.display='none'\" loading=\"lazy\" \/>\n\t<\/figure>\n<h2>\n\t\t\tNoch mehr B\u00fcrom\u00f6glichkeiten in Basel\t<\/h2>\n\t<a href=\"\/teambuero-basel\/\" target=\"_self\"  aria-label=\"Go to \/teambuero-basel\/\"><\/a>\n\t\t\t\t<img decoding=\"async\" src=\"https:\/\/www.obc-suisse.ch\/wp-content\/uploads\/2018\/11\/Teambueros_OBC.svg\" alt=\"Teamb\u00fcro Icon\" title=\"Teambueros_OBC\" itemprop=\"image\"\/>\n\t\t<h3>Teamb\u00fcros in Basel<\/h3>\t\t\t\n\t\t\t\t<p>Ger\u00e4umige B\u00fcros f\u00fcr kleine und grosse Teams.\u00a0<\/p>\n\t<a href=\"\/einzelbuero-basel\/\" target=\"_self\"  aria-label=\"Go to \/einzelbuero-basel\/\"><\/a>\n\t\t\t\t<img decoding=\"async\" src=\"https:\/\/www.obc-suisse.ch\/wp-content\/uploads\/2018\/11\/Einzelbueros_OBC.svg\" alt=\"Einzelb\u00fcro Icon\" title=\"Einzelbueros_OBC\" itemprop=\"image\"\/>\n\t\t<h3>Einzelb\u00fcros in Basel<\/h3>\t\t\t\n\t\t\t\t<p>B\u00fcros mit 1 &#8211; 2 Arbeitspl\u00e4tzen, in denen Sie in Ruhe arbeiten k\u00f6nnen.<\/p>\n\n\t\t<h2><a href=\"https:\/\/www.obc-suisse.ch\/kontakt\/\" target=\"_self\">Daf\u00fcr stehen wir:<br \/>Ihr ganz pers\u00f6nliches Angebot<\/a><\/h2><p>Aus langj\u00e4hriger Erfahrung wissen wir, dass keiner unserer Kunde wie der andere ist. Jeder Kunde hat <strong>individuelle W\u00fcnsche, Bed\u00fcrfnisse und Fragen<\/strong> rund um die <b>B\u00fcrovermietung.<\/b>\u00a0Aus diesem Grund ist es uns wichtig, dass uns Zeit f\u00fcr Sie nehmen und <strong>ganz pers\u00f6nlich<\/strong> auf Sie eingehen k\u00f6nnen.<\/p>\n<p>Haben Sie beispielsweise Fragen zu unserer <strong>Raumausstattung<\/strong> oder der <strong>Bestuhlung<\/strong>? Ben\u00f6tigen Sie ein <strong>Ap\u00e9ro<\/strong> oder brauchen Sie <strong>Unterst\u00fctzung beim Empfang<\/strong>? Wir zeichnen uns als B\u00fcrodienstleister dadurch aus, dass wir auf individuelle Anfragen passende Angebote zusammenzustellen und wir unser Raum- und Serviceangebot auf Ihren pers\u00f6nlichen Arbeitsalltag und die Arbeitsweise Ihres Teams abstimmen.<\/p>\n<p>Darum z\u00f6gern Sie nicht auf uns zuzukommen. Wir freuen uns darauf Sie zu beraten und Sie zu unseren gesch\u00e4tzten Kunden z\u00e4hlen zu d\u00fcrfen.<\/p>\n<p>&nbsp;<\/p>\n<link rel='stylesheet' id='formidable-css' href='https:\/\/www.obc-suisse.ch\/wp-content\/plugins\/formidable\/css\/formidableforms.css?ver=4231238' media='all' \/>\n<div class=\"frm_forms  with_frm_style frm_style_formidable-style\" id=\"frm_form_11_container\" >\n<form enctype=\"multipart\/form-data\" method=\"post\" class=\"frm-show-form  frm_js_validate  frm_ajax_submit  frm_pro_form \" id=\"form_kontaktfooter\" >\n<div class=\"frm_form_fields \">\n<fieldset>\n<legend class=\"frm_screen_reader\">Kontakt Footer<\/legend>\r\n\r\n<div class=\"frm_fields_container\">\n<input type=\"hidden\" name=\"frm_action\" value=\"create\" \/>\n<input type=\"hidden\" name=\"form_id\" value=\"11\" \/>\n<input type=\"hidden\" name=\"frm_hide_fields_11\" id=\"frm_hide_fields_11\" value=\"\" \/>\n<input type=\"hidden\" name=\"form_key\" value=\"kontaktfooter\" \/>\n<input type=\"hidden\" name=\"item_meta[0]\" value=\"\" \/>\n<input type=\"hidden\" id=\"frm_submit_entry_11\" name=\"frm_submit_entry_11\" value=\"4e3f660bcb\" \/><input type=\"hidden\" name=\"_wp_http_referer\" value=\"\/en\/wp-json\/wp\/v2\/pages\/2802\" \/><div id=\"frm_field_106_container\" class=\"frm_form_field form-field  frm_required_field frm_top_container frm_half frm_first\">\r\n    <label for=\"field_hqu55\" id=\"field_hqu55_label\" class=\"frm_primary_label\">Ihr Name\r\n        <span class=\"frm_required\">*<\/span>\r\n    <\/label>\r\n    <input  type=\"text\" id=\"field_hqu55\" name=\"item_meta[106]\" value=\"\"  data-reqmsg=\"Ihr Name cannot be blank.\" aria-required=\"true\" data-invmsg=\"Text ist ung\u00fcltig\" aria-invalid=\"false\"   \/>\r\n    \r\n    \r\n<\/div>\n<div id=\"frm_field_108_container\" class=\"frm_form_field form-field  frm_top_container frm_half\">\r\n    <label for=\"field_batab\" id=\"field_batab_label\" class=\"frm_primary_label\">Unternehmen\r\n        <span class=\"frm_required\"><\/span>\r\n    <\/label>\r\n    <input  type=\"text\" id=\"field_batab\" name=\"item_meta[108]\" value=\"\"  data-invmsg=\"Text ist ung\u00fcltig\" aria-invalid=\"false\"   \/>\r\n    \r\n    \r\n<\/div>\n<div id=\"frm_field_107_container\" class=\"frm_form_field form-field  frm_top_container\">\r\n    <label for=\"field_qnpjg\" id=\"field_qnpjg_label\" class=\"frm_primary_label\">B\u00fcrogr\u00f6sse (Anzahl Personen)\r\n        <span class=\"frm_required\"><\/span>\r\n    <\/label>\r\n    <input  type=\"text\" id=\"field_qnpjg\" name=\"item_meta[107]\" value=\"\"  data-invmsg=\"Text ist ung\u00fcltig\" aria-invalid=\"false\"   \/>\r\n    \r\n    \r\n<\/div>\n<div id=\"frm_field_110_container\" class=\"frm_form_field form-field  frm_required_field frm_top_container frm_first frm_half\">\r\n    <label for=\"field_b87c8\" id=\"field_b87c8_label\" class=\"frm_primary_label\">E-Mail\r\n        <span class=\"frm_required\">*<\/span>\r\n    <\/label>\r\n    <input type=\"email\" id=\"field_b87c8\" name=\"item_meta[110]\" value=\"\"  data-reqmsg=\"E-Mail cannot be blank.\" aria-required=\"true\" data-invmsg=\"E-Mail ist ung\u00fcltig\" aria-invalid=\"false\"  \/>\r\n    \r\n    \r\n<\/div>\n<div id=\"frm_field_111_container\" class=\"frm_form_field form-field  frm_top_container frm_half\">\r\n    <label for=\"field_nrc3t\" id=\"field_nrc3t_label\" class=\"frm_primary_label\">Telefon\r\n        <span class=\"frm_required\"><\/span>\r\n    <\/label>\r\n    <input  type=\"text\" id=\"field_nrc3t\" name=\"item_meta[111]\" value=\"\"  data-invmsg=\"Text ist ung\u00fcltig\" aria-invalid=\"false\"   \/>\r\n    \r\n    \r\n<\/div>\n<div id=\"frm_field_118_container\" class=\"frm_form_field form-field  frm_none_container\">\r\n    <label for=\"h-captcha-response\" id=\"field_se3ox_label\" class=\"frm_primary_label\">reCAPTCHA\r\n        <span class=\"frm_required\" aria-hidden=\"true\"><\/span>\r\n    <\/label>\r\n    <div  id=\"field_se3ox\" class=\"h-captcha\" data-sitekey=\"3224e825-96ba-446b-ad57-c75cf36ba2f5\" data-size=\"normal\" data-theme=\"light\"><\/div>\r\n    \r\n    \r\n<\/div>\n\t<input type=\"hidden\" name=\"item_key\" value=\"\" \/>\n\t\t\t<div id=\"frm_field_121_container\">\n\t\t\t<label for=\"field_uya92\" >\n\t\t\t\tIf you are human, leave this field blank.\t\t\t<\/label>\n\t\t\t<input  id=\"field_uya92\" type=\"text\" class=\"frm_form_field form-field frm_verify\" name=\"item_meta[121]\" value=\"\"  \/>\n\t\t<\/div>\n\t\t<input name=\"frm_state\" type=\"hidden\" value=\"u1RGAjgL3e96G6M6MkIU8T8OaYvjMo1wkzX0y8p0RLRIElHfgH+OZ7MaBblMiEpz\" \/><div class=\"frm_submit\">\r\n\r\n<button class=\"frm_button_submit frm_final_submit\" type=\"submit\"   formnovalidate=\"formnovalidate\">Anfrage absenden<\/button>\r\n\r\n<\/div><\/div>\n<\/fieldset>\n<\/div>\n\n<\/form>\n<\/div>\n\n<figure itemscope itemtype=\"https:\/\/schema.org\/ImageObject\">\n\t\t\t\t<img decoding=\"async\" src=\"https:\/\/www.obc-suisse.ch\/wp-content\/uploads\/2023\/10\/Sophia_Zorbas_OBC_Suisse_weisser-Hintergrund.jpg\" alt=\"Sophia_Zorbas_OBC_Suisse_weisser-Hintergrund\" height=\"800\" width=\"1468\" title=\"Sophia_Zorbas_OBC_Suisse_weisser-Hintergrund\" onerror=\"this.style.display='none'\" loading=\"lazy\" \/>\n\t<\/figure>\n\t<strong>Sophia Zorbas<\/strong><br \/>\nCenter Manager Basel\n<strong><a href=\"tel:0041612254444\">+41 61 225 44 44<\/a><\/strong><br \/>\n<strong><a href=\"mailto:basel@obc-suisse.ch\">basel@obc-suisse.ch<\/a><\/strong>\n\t<h2>\n\t\t\t\tFAQ\n\t\t\t<\/h2>\n\t\t\t\t\t\t<h4>Ist ein Beamer\/Flipchart\/WLAN vorhanden? <\/h4>\n\t\t\t<p>WLAN und Flipchart sind standardm\u00e4ssig bei jeder Buchung vorhanden und inklusive. Gerne k\u00f6nnen Sie auch einen Beamer bei uns mieten. Bitte melden Sie dies bei der Buchung an.<\/p>\n\t\t\t\t\t\t<h4>Kann ich eine Verpflegung w\u00e4hrend oder nach der Veranstaltung erhalten? <\/h4>\n\t\t\t<p>Gerne organisieren wir f\u00fcr Sie eine Kaffeepause mit Gipfeli und Snacks, einen Stehlunch oder einen Ap\u00e9ro. Fragen Sie uns direkt bei der Buchung an und wir stellen Ihnen ein passendes Angebot zusammen. <\/p>\n\t\t\t\t\t\t<h4>Darf ich mein eigenes Catering mitbringen?<\/h4>\n\t\t\t<p>Gegen Erhebung einer Pauschale pro Teilnehmer ist dies selbstverst\u00e4ndlich m\u00f6glich.<\/p>\n\t\t\t\t\t\t<h4>Kann ich einen Ap\u00e9ro ausserhalb Ihrer Gesch\u00e4ftszeiten machen?<\/h4>\n\t\t\t<p>Die Betreuung und Verpflegung Ihres Anlasses wird auch ausserhalb unserer Gesch\u00e4ftszeiten sichergestellt. Gerne unterbreiten wir Ihnen ein entsprechendes Angebot. <\/p>\n\t\t\t\t\t\t<h4>Wie gross ist der gr\u00f6sste Raum, den Sie haben? <\/h4>\n\t\t\t<p>Dies ist abh\u00e4ngig vom Business Center, in welchem Sie die Buchung durchf\u00fchren m\u00f6chten. Unser gr\u00f6sster Raum befindet sich in unserem Center an der Europaallee und bietet bei entsprechender Bestuhlung maximal Platz f\u00fcr 100 Personen. <\/p>\n\t\t\t\t\t\t<h4>Wo findet der Ap\u00e9ro statt?<\/h4>\n\t\t\t<p>Die Ap\u00e9ros finden falls gew\u00fcnscht jeweils ausserhalb der Konferenzr\u00e4ume zum Beispiel in unseren Bistros statt und bieten Ihnen ausreichend Gelegenheit zum Austausch und Networking.<\/p>\n\t\t\t\t\t\t<h4>Kann man die R\u00e4ume auch stundenweise buchen? <\/h4>\n\t\t\t<p>Tagesb\u00fcros k\u00f6nnen stundenweise f\u00fcr kleine Besprechungen bis 4 Personen gebucht werden. Die Konferenzr\u00e4ume k\u00f6nnen entweder einen halben Tag oder einen ganzen Tag gebucht werden.<\/p>\n\n","protected":false},"excerpt":{"rendered":"<p>We are perfectly equipped for your next meeting in our ideally located meeting rooms in Basel.<\/p>","protected":false},"author":2,"featured_media":3029,"parent":0,"menu_order":0,"comment_status":"closed","ping_status":"closed","template":"","meta":{"_seopress_robots_primary_cat":"","_seopress_titles_title":"Seminarraum in Basel mieten I OBC Suisse I Baloise Park","_seopress_titles_desc":"Wir sind bestens eingerichtet f\u00fcr Ihr n\u00e4chstes Meeting in unseren professionell ausgestatteten Seminarr\u00e4umen in Basel: flexibel buchbar und ideal f\u00fcr Ihr Event.","_seopress_robots_index":"","site-sidebar-layout":"no-sidebar","site-content-layout":"page-builder","ast-site-content-layout":"full-width-container","site-content-style":"unboxed","site-sidebar-style":"unboxed","ast-global-header-display":"","ast-banner-title-visibility":"","ast-main-header-display":"","ast-hfb-above-header-display":"","ast-hfb-below-header-display":"","ast-hfb-mobile-header-display":"","site-post-title":"disabled","ast-breadcrumbs-content":"","ast-featured-img":"disabled","footer-sml-layout":"","ast-disable-related-posts":"","theme-transparent-header-meta":"default","adv-header-id-meta":"","stick-header-meta":"","header-above-stick-meta":"","header-main-stick-meta":"","header-below-stick-meta":"","astra-migrate-meta-layouts":"set","ast-page-background-enabled":"default","ast-page-background-meta":{"desktop":{"background-color":"","background-image":"","background-repeat":"repeat","background-position":"center center","background-size":"auto","background-attachment":"scroll","background-type":"","background-media":"","overlay-type":"","overlay-color":"","overlay-opacity":"","overlay-gradient":""},"tablet":{"background-color":"","background-image":"","background-repeat":"repeat","background-position":"center center","background-size":"auto","background-attachment":"scroll","background-type":"","background-media":"","overlay-type":"","overlay-color":"","overlay-opacity":"","overlay-gradient":""},"mobile":{"background-color":"","background-image":"","background-repeat":"repeat","background-position":"center center","background-size":"auto","background-attachment":"scroll","background-type":"","background-media":"","overlay-type":"","overlay-color":"","overlay-opacity":"","overlay-gradient":""}},"ast-content-background-meta":{"desktop":{"background-color":"var(--ast-global-color-5)","background-image":"","background-repeat":"repeat","background-position":"center center","background-size":"auto","background-attachment":"scroll","background-type":"","background-media":"","overlay-type":"","overlay-color":"","overlay-opacity":"","overlay-gradient":""},"tablet":{"background-color":"var(--ast-global-color-5)","background-image":"","background-repeat":"repeat","background-position":"center center","background-size":"auto","background-attachment":"scroll","background-type":"","background-media":"","overlay-type":"","overlay-color":"","overlay-opacity":"","overlay-gradient":""},"mobile":{"background-color":"var(--ast-global-color-5)","background-image":"","background-repeat":"repeat","background-position":"center center","background-size":"auto","background-attachment":"scroll","background-type":"","background-media":"","overlay-type":"","overlay-color":"","overlay-opacity":"","overlay-gradient":""}},"iawp_total_views":728,"footnotes":""},"class_list":["post-2802","page","type-page","status-publish","has-post-thumbnail","hentry"],"_links":{"self":[{"href":"https:\/\/www.obc-suisse.ch\/en\/wp-json\/wp\/v2\/pages\/2802","targetHints":{"allow":["GET"]}}],"collection":[{"href":"https:\/\/www.obc-suisse.ch\/en\/wp-json\/wp\/v2\/pages"}],"about":[{"href":"https:\/\/www.obc-suisse.ch\/en\/wp-json\/wp\/v2\/types\/page"}],"author":[{"embeddable":true,"href":"https:\/\/www.obc-suisse.ch\/en\/wp-json\/wp\/v2\/users\/2"}],"replies":[{"embeddable":true,"href":"https:\/\/www.obc-suisse.ch\/en\/wp-json\/wp\/v2\/comments?post=2802"}],"version-history":[{"count":50,"href":"https:\/\/www.obc-suisse.ch\/en\/wp-json\/wp\/v2\/pages\/2802\/revisions"}],"predecessor-version":[{"id":3891,"href":"https:\/\/www.obc-suisse.ch\/en\/wp-json\/wp\/v2\/pages\/2802\/revisions\/3891"}],"wp:featuredmedia":[{"embeddable":true,"href":"https:\/\/www.obc-suisse.ch\/en\/wp-json\/wp\/v2\/media\/3029"}],"wp:attachment":[{"href":"https:\/\/www.obc-suisse.ch\/en\/wp-json\/wp\/v2\/media?parent=2802"}],"curies":[{"name":"wp","href":"https:\/\/api.w.org\/{rel}","templated":true}]}}