{"id":3169,"date":"2022-04-19T16:41:28","date_gmt":"2022-04-19T14:41:28","guid":{"rendered":"https:\/\/www.obc-suisse.ch\/?page_id=3169"},"modified":"2024-10-14T10:38:01","modified_gmt":"2024-10-14T08:38:01","slug":"zuerich-west","status":"publish","type":"page","link":"https:\/\/www.obc-suisse.ch\/en\/zuerich-west\/","title":{"rendered":"Zurich-West"},"content":{"rendered":"\n\n\t\t\t\t<img loading=\"lazy\" decoding=\"async\" src=\"https:\/\/www.obc-suisse.ch\/wp-content\/uploads\/2022\/04\/ZSC-SLA-Terrasse-2000x625.jpg\" alt=\"Hof swiss life arena\" itemprop=\"image\" height=\"625\" width=\"2000\" title=\"ZSC-SLA-Terrasse\" onerror=\"this.style.display='none'\"  \/>\n\t<h1>\n\t\t\t\tNeu: B\u00fcror\u00e4umlichkeiten am <br \/> Standort Z\u00fcrich-West\n\t\t\t<\/h1>\n\t<p>Top ausgestattete B\u00fcros an unserem <strong>neuen Standort<\/strong> in <strong>Z\u00fcrich-West in der Swiss Life Arena.<\/strong><\/p>\n<h3>Ihr modernes B\u00fcro in Z\u00fcrich<\/h3>\n<p>Sie suchen neue B\u00fcror\u00e4umlichkeiten f\u00fcr Ihr Business in Z\u00fcrich? Sie brauchen ein modernes B\u00fcro, bei dem Sie rundum gut angebunden und flexibel sind? Dann sind Sie bei der OBC Suisse am neuen Standort in Z\u00fcrich-West genau richtig. Wir beraten Sie gerne f\u00fcr Ihr optimales Angebot bei uns.<\/p>\n\t<a href=\"tel:0041442146060\" target=\"_self\" rel=\"noopener\"><\/a>\n\t\t<h3>Rufen Sie uns an<\/h3>\n\t\t\t<p><strong>+41 44 214 60 60<\/strong><br \/>Mo-Fr 08:00-17:00<\/p>\n\t\t\t<a href=\"#kontakt\" title=\"Click Here\" target=\"_self\" role=\"button\" aria-label=\"Kontaktieren Sie uns\" rel=\"noopener\">\n\t\t\t\t\t\t\tKontaktieren Sie uns\n\t\t<\/a>\n<h2>\n\t\tIhr B\u00fcro Z\u00fcrich-West: Nachhaltig und modern\n\t<\/h2>\n\t\t\t\t<a href=\"https:\/\/www.obc-suisse.ch\/wp-content\/uploads\/2023\/06\/Einzelbuero1_OBC_Zuerich_West.jpg\" target=\"_self\" itemprop=\"url\" rel=\"noopener\">\n\t\t\t\t<img loading=\"lazy\" decoding=\"async\" src=\"https:\/\/www.obc-suisse.ch\/wp-content\/uploads\/2023\/06\/Einzelbuero1_OBC_Zuerich_West-683x1024.jpg\" alt=\"Einzelbu\u0308ro Z\u00fcrich-West\" itemprop=\"image\" height=\"1024\" width=\"683\" title=\"Einzelbu\u0308ro Z\u00fcrich-West\" onerror=\"this.style.display='none'\"  \/>\n\t\t\t\t<\/a>\n\t\tEinzelbu\u0308ro Z\u00fcrich-West\n\t<p>Entdecken Sie das neue Areal der <strong>Swiss Life Arena in Z\u00fcrich-Altstetten<\/strong>. Hier finden Sie die neuen B\u00fcror\u00e4umlichkeiten der Superlative. <strong>Top angebunden an die A1 und der Bahnhof ist in ein paar Gehminuten zu erreichen. <\/strong>Hier bleiben keine W\u00fcnsche offen.<\/p>\n<p>Wenn Sie auf der Suche nach einem <strong>ruhigen, modernen &amp; nachhaltigen<\/strong> Arbeitsplatz sind, aber nach einer Umgebung suchen, in der es nicht langweilig wird, sind Sie hier genau richtig! Die Arena bietet unter zahlreichen Veranstaltungen auch einen Business Club und Restaurant-M\u00f6glichkeiten an. Dar\u00fcber hinaus wird das Geb\u00e4ude <strong>CO\u2082-neutral<\/strong> bewirtschaftet.<\/p>\n<p><a href=\"#kontakt\"><strong>Mieten Sie jetzt Ihr B\u00fcro mit OBC Suisse<\/strong>.<\/a><\/p>\n<p>&nbsp;<\/p>\n<h2>\n\t\tIhre Vorteile\n\t<\/h2>\n\t\t\t\t<img decoding=\"async\" src=\"https:\/\/www.obc-suisse.ch\/wp-content\/uploads\/2022\/04\/Standort-icon.svg\" alt=\"Standort icon\" title=\"Standort icon\" itemprop=\"image\"\/>\n\t\t<h3>Beste Anbindung<\/h3>\t\t\t\n\t\t\t\t<p>Geniessen Sie die Vorz\u00fcge des Standortes Z\u00fcrich-West mit super Anbindung an die A1. Zudem ist der Bahnhof in ein paar Gehminuten zu erreichen.\u00a0<\/p>\n\t\t\t\t<img decoding=\"async\" src=\"https:\/\/www.obc-suisse.ch\/wp-content\/uploads\/2022\/04\/icon-nachhaltig.svg\" alt=\"icon nachhaltig\" title=\"icon nachhaltig\" itemprop=\"image\"\/>\n\t\t<h3>Nachhaltiges B\u00fcro<\/h3>\t\t\t\n\t\t\t\t<p>Das nachhaltige B\u00fcro wird mit Solarenergie versorgt und sorgt f\u00fcr eine zukunftsf\u00e4hige Arbeitsweise ohne schlechtes Gewissen.<\/p>\n\t\t\t\t<img decoding=\"async\" src=\"https:\/\/www.obc-suisse.ch\/wp-content\/uploads\/2022\/04\/meeting-icon.svg\" alt=\"meeting icon\" title=\"meeting icon\" itemprop=\"image\"\/>\n\t\t<h3>Meetingr\u00e4ume flexibel mieten<\/h3>\t\t\t\n\t\t\t\t<p>Auch an unserem Standort Z\u00fcrich-West k\u00f6nnen Sie Ihr Sitzungszimmer f\u00fcr das n\u00e4chste Meeting flexibel buchen.\u00a0<\/p>\n\t\t\t\t<img decoding=\"async\" src=\"https:\/\/www.obc-suisse.ch\/wp-content\/uploads\/2022\/04\/kulinarik-icon.svg\" alt=\"kulinarik icon\" title=\"kulinarik icon\" itemprop=\"image\"\/>\n\t\t<h3>Kulinarisches Erlebnis<\/h3>\t\t\t\n\t\t\t\t<p>Die Swiss Life Arena hat auch f\u00fcr den kulinarischen Gaumen etwas zu bieten. Geniessen Sie das vielf\u00e4ltige Angebot des Restaurants.<\/p>\n<h3>\n\t\tLeistungen am Standort Z\u00fcrich-West\n\t<\/h3>\n\t<p>Unser modernes Business Center an der Vulkanstrasse bietet Ihnen folgende Dienstleistungen:<\/p>\n\t\t\t\t<img decoding=\"async\" src=\"https:\/\/www.obc-suisse.ch\/wp-content\/uploads\/2023\/10\/Sophia_Zorbas_OBC_Suisse-1024x558.jpg\" alt=\"Sophia_Zorbas_OBC_Suisse\" title=\"Sophia_Zorbas_OBC_Suisse\" itemprop=\"image\"\/>\n\t\t<h3>Sophia Zorbas<\/h3>\n\t\t\t<a href=\"tel:0041442146060\">+41 44 214 60 60<\/a><br \/>\n<a href=\"mailto:stadion@obc-suisse.ch\">stadion@obc-suisse.ch<\/a>\n<h4>\n\t\tMerkmale und Ausstattung\n\t<\/h4>\n\n\t\t\t<h2>Verf\u00fcgbare B\u00fcros<\/h2>\t\t\t\n\t\t\t\t<p>Erhalten Sie hier einen Einblick in die verschiedenen B\u00fcror\u00e4umlichkeiten f\u00fcr Sie und Ihr Team.<\/p>\n\t<meta itemscope itemprop=\"mainEntityOfPage\" itemtype=\"https:\/\/schema.org\/WebPage\" itemid=\"https:\/\/www.obc-suisse.ch\/raum\/zuerich-altstetten-moebliertes-buero-klein\/\" content=\"Z\u00fcrich-Altstetten &#8211; M\u00f6bliertes B\u00fcro (kleines B\u00fcro mieten)\" \/><meta itemprop=\"datePublished\" content=\"2023-09-06\" \/><meta itemprop=\"dateModified\" content=\"2024-08-07\" \/><meta itemprop=\"name\" content=\"OBC Suisse\"\/><meta itemprop=\"url\" content=\"https:\/\/www.obc-suisse.ch\/wp-content\/uploads\/2018\/09\/logo-obc.svg\"\/><meta itemprop=\"url\" content=\"https:\/\/www.obc-suisse.ch\/author\/flinkthink\/\" \/><meta itemprop=\"name\" content=\"Michael Salzer\" \/><meta itemprop=\"url\" content=\"https:\/\/www.obc-suisse.ch\/wp-content\/uploads\/2023\/09\/Einzelbuero1_OBC_Zuerich_West.jpg\" \/><meta itemprop=\"width\" content=\"1578\" \/><meta itemprop=\"height\" content=\"1578\" \/><meta itemprop=\"interactionType\" content=\"https:\/\/schema.org\/CommentAction\" \/><meta itemprop=\"userInteractionCount\" content=\"0\" \/>\n    <a href='https:\/\/www.obc-suisse.ch\/raum\/zuerich-altstetten-moebliertes-buero-klein\/' title='Z\u00fcrich-Altstetten &#8211; M\u00f6bliertes B\u00fcro (kleines B\u00fcro mieten)'><img loading=\"lazy\" width=\"1024\" height=\"1024\" src=\"https:\/\/www.obc-suisse.ch\/wp-content\/uploads\/2023\/09\/Einzelbuero1_OBC_Zuerich_West-1024x1024.jpg\" alt=\"Beispiel f\u00fcr ein m\u00f6bliertes Einzelb\u00fcro zum Mieten in Z\u00fcrich bei OBC Suisse\" itemprop=\"image\" decoding=\"async\" srcset=\"https:\/\/www.obc-suisse.ch\/wp-content\/uploads\/2023\/09\/Einzelbuero1_OBC_Zuerich_West-1024x1024.jpg 1024w, https:\/\/www.obc-suisse.ch\/wp-content\/uploads\/2023\/09\/Einzelbuero1_OBC_Zuerich_West-300x300.jpg 300w, https:\/\/www.obc-suisse.ch\/wp-content\/uploads\/2023\/09\/Einzelbuero1_OBC_Zuerich_West-150x150.jpg 150w, https:\/\/www.obc-suisse.ch\/wp-content\/uploads\/2023\/09\/Einzelbuero1_OBC_Zuerich_West-768x768.jpg 768w, https:\/\/www.obc-suisse.ch\/wp-content\/uploads\/2023\/09\/Einzelbuero1_OBC_Zuerich_West-1536x1536.jpg 1536w, https:\/\/www.obc-suisse.ch\/wp-content\/uploads\/2023\/09\/Einzelbuero1_OBC_Zuerich_West-12x12.jpg 12w, https:\/\/www.obc-suisse.ch\/wp-content\/uploads\/2023\/09\/Einzelbuero1_OBC_Zuerich_West-600x600.jpg 600w, https:\/\/www.obc-suisse.ch\/wp-content\/uploads\/2023\/09\/Einzelbuero1_OBC_Zuerich_West-100x100.jpg 100w, https:\/\/www.obc-suisse.ch\/wp-content\/uploads\/2023\/09\/Einzelbuero1_OBC_Zuerich_West.jpg 1578w\" sizes=\"auto, (max-width: 1024px) 100vw, 1024px\" \/><\/a>\n<h3><a href='https:\/\/www.obc-suisse.ch\/raum\/zuerich-altstetten-moebliertes-buero-klein\/' title='Z\u00fcrich-Altstetten &#8211; M\u00f6bliertes B\u00fcro (kleines B\u00fcro mieten)'>Z\u00fcrich-Altstetten &#8211; M\u00f6bliertes B\u00fcro (kleines B\u00fcro mieten)<\/a><\/h3>\n\t<p>In diesem B\u00fcroraum haben wir bis zu zwei Arbeitspl\u00e4tze eingerichtet. Wahlweise k\u00f6nnen Sie auch einen Besprechungstisch integrieren. So finden Sie Platz f\u00fcr sich und Ihre G\u00e4ste und k\u00f6nnen ein Meeting v\u00f6llig ungest\u00f6rt abhalten.<\/p>\n<br \/>\n\t    <img decoding=\"async\" src=\"https:\/\/www.obc-suisse.ch\/wp-content\/uploads\/2019\/12\/groesse.png\" alt=\"Icon f\u00fcr B\u00fcrogr\u00f6sse\" \/> Gr\u00f6sse: 10-16m<sup>2<\/sup>\n        <img decoding=\"async\" src=\"https:\/\/www.obc-suisse.ch\/wp-content\/uploads\/2019\/12\/anzahl_ap.png\" alt=\"Icon f\u00fcr Anzahl Arbeitspl\u00e4tze\" \/> Anzahl Arbeitspl\u00e4tze: 1-2\n\t\n<p><a href=\"https:\/\/www.obc-suisse.ch\/raum\/zuerich-altstetten-moebliertes-buero-klein\/\">B\u00fcro Details<\/a><\/p>\n\t<meta itemscope itemprop=\"mainEntityOfPage\" itemtype=\"https:\/\/schema.org\/WebPage\" itemid=\"https:\/\/www.obc-suisse.ch\/raum\/zuerich-altstetten-moebliertes-buero-gross\/\" content=\"Z\u00fcrich-Altstetten &#8211; M\u00f6bliertes B\u00fcro (Teamb\u00fcro mieten)\" \/><meta itemprop=\"datePublished\" content=\"2023-09-06\" \/><meta itemprop=\"dateModified\" content=\"2024-08-07\" \/><meta itemprop=\"name\" content=\"OBC Suisse\"\/><meta itemprop=\"url\" content=\"https:\/\/www.obc-suisse.ch\/wp-content\/uploads\/2018\/09\/logo-obc.svg\"\/><meta itemprop=\"url\" content=\"https:\/\/www.obc-suisse.ch\/author\/flinkthink\/\" \/><meta itemprop=\"name\" content=\"Michael Salzer\" \/><meta itemprop=\"url\" content=\"https:\/\/www.obc-suisse.ch\/wp-content\/uploads\/2023\/09\/Buerovariante2_OBC_Zuerich_West.jpg\" \/><meta itemprop=\"width\" content=\"1511\" \/><meta itemprop=\"height\" content=\"1511\" \/><meta itemprop=\"interactionType\" content=\"https:\/\/schema.org\/CommentAction\" \/><meta itemprop=\"userInteractionCount\" content=\"0\" \/>\n    <a href='https:\/\/www.obc-suisse.ch\/raum\/zuerich-altstetten-moebliertes-buero-gross\/' title='Z\u00fcrich-Altstetten &#8211; M\u00f6bliertes B\u00fcro (Teamb\u00fcro mieten)'><img loading=\"lazy\" width=\"1024\" height=\"1024\" src=\"https:\/\/www.obc-suisse.ch\/wp-content\/uploads\/2023\/09\/Buerovariante2_OBC_Zuerich_West-1024x1024.jpg\" alt=\"Beispiel f\u00fcr grosses, m\u00f6bliertes B\u00fcro zum Mieten in Z\u00fcrich, mit bis zu 3 Arbeitspl\u00e4tzen.\" itemprop=\"image\" decoding=\"async\" srcset=\"https:\/\/www.obc-suisse.ch\/wp-content\/uploads\/2023\/09\/Buerovariante2_OBC_Zuerich_West-1024x1024.jpg 1024w, https:\/\/www.obc-suisse.ch\/wp-content\/uploads\/2023\/09\/Buerovariante2_OBC_Zuerich_West-300x300.jpg 300w, https:\/\/www.obc-suisse.ch\/wp-content\/uploads\/2023\/09\/Buerovariante2_OBC_Zuerich_West-150x150.jpg 150w, https:\/\/www.obc-suisse.ch\/wp-content\/uploads\/2023\/09\/Buerovariante2_OBC_Zuerich_West-768x768.jpg 768w, https:\/\/www.obc-suisse.ch\/wp-content\/uploads\/2023\/09\/Buerovariante2_OBC_Zuerich_West-12x12.jpg 12w, https:\/\/www.obc-suisse.ch\/wp-content\/uploads\/2023\/09\/Buerovariante2_OBC_Zuerich_West-600x600.jpg 600w, https:\/\/www.obc-suisse.ch\/wp-content\/uploads\/2023\/09\/Buerovariante2_OBC_Zuerich_West-100x100.jpg 100w, https:\/\/www.obc-suisse.ch\/wp-content\/uploads\/2023\/09\/Buerovariante2_OBC_Zuerich_West.jpg 1511w\" sizes=\"auto, (max-width: 1024px) 100vw, 1024px\" \/><\/a>\n<h3><a href='https:\/\/www.obc-suisse.ch\/raum\/zuerich-altstetten-moebliertes-buero-gross\/' title='Z\u00fcrich-Altstetten &#8211; M\u00f6bliertes B\u00fcro (Teamb\u00fcro mieten)'>Z\u00fcrich-Altstetten &#8211; M\u00f6bliertes B\u00fcro (Teamb\u00fcro mieten)<\/a><\/h3>\n\t<p>Entdecken Sie unser ger\u00e4umiges B\u00fcro f\u00fcr bis zu drei komfortable Arbeitspl\u00e4tze! Das B\u00fcro bietet Ihnen und Ihren G\u00e4sten nicht nur Platz, sondern auch ein Ambiente, das produktive Arbeit und entspannte Meetings erm\u00f6glicht.<\/p>\n<br \/>\n\t    <img decoding=\"async\" src=\"https:\/\/www.obc-suisse.ch\/wp-content\/uploads\/2019\/12\/groesse.png\" alt=\"Icon f\u00fcr B\u00fcrogr\u00f6sse\" \/> Gr\u00f6sse: 19-27m<sup>2<\/sup>\n        <img decoding=\"async\" src=\"https:\/\/www.obc-suisse.ch\/wp-content\/uploads\/2019\/12\/anzahl_ap.png\" alt=\"Icon f\u00fcr Anzahl Arbeitspl\u00e4tze\" \/> Anzahl Arbeitspl\u00e4tze: 2-3\n\t\n<p><a href=\"https:\/\/www.obc-suisse.ch\/raum\/zuerich-altstetten-moebliertes-buero-gross\/\">B\u00fcro Details<\/a><\/p>\n\t\t<h2><a href=\"https:\/\/www.obc-suisse.ch\/kontakt\/\" target=\"_self\" rel=\"noopener\">Daf\u00fcr stehen wir:<br \/>Ihr ganz pers\u00f6nliches Angebot<\/a><\/h2><p>Darum z\u00f6gern Sie nicht, auf uns zuzukommen. Wir freuen uns darauf, Sie zu beraten und Sie zu unseren gesch\u00e4tzten Kunden z\u00e4hlen zu d\u00fcrfen.<\/p>\n<link rel='stylesheet' id='formidable-css' href='https:\/\/www.obc-suisse.ch\/wp-content\/plugins\/formidable\/css\/formidableforms.css?ver=4231238' media='all' \/>\n<div class=\"frm_forms  with_frm_style frm_style_formidable-style\" id=\"frm_form_12_container\" data-token=\"8e66803e8e70d2e35a14c811dc9a75a5\">\n<form enctype=\"multipart\/form-data\" method=\"post\" class=\"frm-show-form  frm_js_validate  frm_ajax_submit  frm_pro_form \" id=\"form_kontaktzuerichwest\" data-token=\"8e66803e8e70d2e35a14c811dc9a75a5\">\n<div class=\"frm_form_fields \">\n<fieldset>\n<legend class=\"frm_screen_reader\">Kontakt Z\u00fcrich-West<\/legend>\r\n\r\n<div class=\"frm_fields_container\">\n<input type=\"hidden\" name=\"frm_action\" value=\"create\" \/>\n<input type=\"hidden\" name=\"form_id\" value=\"12\" \/>\n<input type=\"hidden\" name=\"frm_hide_fields_12\" id=\"frm_hide_fields_12\" value=\"\" \/>\n<input type=\"hidden\" name=\"form_key\" value=\"kontaktzuerichwest\" \/>\n<input type=\"hidden\" name=\"item_meta[0]\" value=\"\" \/>\n<input type=\"hidden\" id=\"frm_submit_entry_12\" name=\"frm_submit_entry_12\" value=\"febf3a441d\" \/><input type=\"hidden\" name=\"_wp_http_referer\" value=\"\/en\/wp-json\/wp\/v2\/pages\/3169\" \/><div id=\"frm_field_112_container\" class=\"frm_form_field form-field  frm_required_field frm_top_container frm_half frm_first\">\r\n    <label for=\"field_hqu552\" id=\"field_hqu552_label\" class=\"frm_primary_label\">Ihr Name\r\n        <span class=\"frm_required\">*<\/span>\r\n    <\/label>\r\n    <input  type=\"text\" id=\"field_hqu552\" name=\"item_meta[112]\" value=\"\"  data-reqmsg=\"Ihr Name cannot be blank.\" aria-required=\"true\" data-invmsg=\"Text ist ung\u00fcltig\" aria-invalid=\"false\"   \/>\r\n    \r\n    \r\n<\/div>\n<div id=\"frm_field_113_container\" class=\"frm_form_field form-field  frm_top_container frm_half\">\r\n    <label for=\"field_batab2\" id=\"field_batab2_label\" class=\"frm_primary_label\">Unternehmen\r\n        <span class=\"frm_required\"><\/span>\r\n    <\/label>\r\n    <input  type=\"text\" id=\"field_batab2\" name=\"item_meta[113]\" value=\"\"  data-invmsg=\"Text ist ung\u00fcltig\" aria-invalid=\"false\"   \/>\r\n    \r\n    \r\n<\/div>\n<div id=\"frm_field_114_container\" class=\"frm_form_field form-field  frm_top_container\">\r\n    <label for=\"field_qnpjg2\" id=\"field_qnpjg2_label\" class=\"frm_primary_label\">B\u00fcrogr\u00f6sse (Anzahl Personen)\r\n        <span class=\"frm_required\"><\/span>\r\n    <\/label>\r\n    <input  type=\"text\" id=\"field_qnpjg2\" name=\"item_meta[114]\" value=\"\"  data-invmsg=\"Text ist ung\u00fcltig\" aria-invalid=\"false\"   \/>\r\n    \r\n    \r\n<\/div>\n<div id=\"frm_field_115_container\" class=\"frm_form_field form-field  frm_required_field frm_top_container frm_first frm_half\">\r\n    <label for=\"field_b87c82\" id=\"field_b87c82_label\" class=\"frm_primary_label\">E-Mail\r\n        <span class=\"frm_required\">*<\/span>\r\n    <\/label>\r\n    <input type=\"email\" id=\"field_b87c82\" name=\"item_meta[115]\" value=\"\"  data-reqmsg=\"E-Mail cannot be blank.\" aria-required=\"true\" data-invmsg=\"E-Mail ist ung\u00fcltig\" aria-invalid=\"false\"  \/>\r\n    \r\n    \r\n<\/div>\n<div id=\"frm_field_116_container\" class=\"frm_form_field form-field  frm_top_container frm_half\">\r\n    <label for=\"field_nrc3t2\" id=\"field_nrc3t2_label\" class=\"frm_primary_label\">Telefon\r\n        <span class=\"frm_required\"><\/span>\r\n    <\/label>\r\n    <input  type=\"text\" id=\"field_nrc3t2\" name=\"item_meta[116]\" value=\"\"  data-invmsg=\"Text ist ung\u00fcltig\" aria-invalid=\"false\"   \/>\r\n    \r\n    \r\n<\/div>\n<div id=\"frm_field_117_container\" class=\"frm_form_field form-field  frm_none_container\">\r\n    <label for=\"h-captcha-response\" id=\"field_q7t2a_label\" class=\"frm_primary_label\">reCAPTCHA\r\n        <span class=\"frm_required\" aria-hidden=\"true\"><\/span>\r\n    <\/label>\r\n    <div  id=\"field_q7t2a\" class=\"h-captcha\" data-sitekey=\"3224e825-96ba-446b-ad57-c75cf36ba2f5\" data-size=\"normal\" data-theme=\"light\"><\/div>\r\n    \r\n    \r\n<\/div>\n\t<input type=\"hidden\" name=\"item_key\" value=\"\" \/>\n\t\t\t<div id=\"frm_field_121_container\">\n\t\t\t<label for=\"field_ii3he\" >\n\t\t\t\tIf you are human, leave this field blank.\t\t\t<\/label>\n\t\t\t<input  id=\"field_ii3he\" type=\"text\" class=\"frm_form_field form-field frm_verify\" name=\"item_meta[121]\" value=\"\"  \/>\n\t\t<\/div>\n\t\t<input name=\"frm_state\" type=\"hidden\" value=\"u1RGAjgL3e96G6M6MkIU8ZL60IdKqhg7gDXnPdqetBRIElHfgH+OZ7MaBblMiEpz\" \/><div class=\"frm_submit\">\r\n\r\n<button class=\"frm_button_submit frm_final_submit\" type=\"submit\"   formnovalidate=\"formnovalidate\">Anfrage absenden<\/button>\r\n\r\n<\/div><\/div>\n<\/fieldset>\n<\/div>\n\n<\/form>\n<\/div>\n\n\t\t\t\t<img decoding=\"async\" src=\"https:\/\/www.obc-suisse.ch\/wp-content\/uploads\/bb-plugin\/cache\/Sophia_Zorbas_OBC_Suisse_weisser-Hintergrund-1024x558-circle.jpg\" alt=\"Sophia_Zorbas_OBC_Suisse_weisser-Hintergrund\" title=\"Sophia_Zorbas_OBC_Suisse_weisser-Hintergrund\" itemprop=\"image\"\/>\n\t<strong>Sophia Zorbas<\/strong><br \/>\n<strong><a href=\"tel:0041442146060\">+41 44 214 60 60<\/a><\/strong><br \/>\n<strong><a href=\"mailto:stadion@obc-suisse.ch\">stadion@obc-suisse.ch<\/a><\/strong>\n\t\t\t<h2>Z\u00fcrich-West<\/h2>\t\t\t\n\t\t\t\t<p>Vulkanstrasse 130b, 8048 Z\u00fcrich<\/p>\n\t<iframe src=\"https:\/\/www.google.com\/maps\/embed\/v1\/place?q=OBC+Suisse+AG+Z%C3%BCrich-West+%C2%B7+Business+Center+%26+Virtual+Office%2C%0AVulkanstrasse+130b%2C+8048+Z%C3%BCrich&#038;key=AIzaSyD09zQ9PNDNNy9TadMuzRV_UsPUoWKntt8\" aria-hidden=\"true\"><\/iframe>\n\n","protected":false},"excerpt":{"rendered":"<p>Our seminar rooms offer you ideal conditions for successful seminars at our locations in Zurich.<\/p>","protected":false},"author":2,"featured_media":1988,"parent":0,"menu_order":0,"comment_status":"closed","ping_status":"closed","template":"","meta":{"_seopress_robots_primary_cat":"","_seopress_titles_title":"Top ausgestattete B\u00fcros in Z\u00fcrich-West %%sep%% OBC Suisse ","_seopress_titles_desc":"Moderne &amp; nachhaltige B\u00fcror\u00e4umlichkeiten von OBC Suisse in der Swiss Life Arena in Z\u00fcrich-West. Geniessen Sie aussergew\u00f6hnliches Ambiente.","_seopress_robots_index":"","site-sidebar-layout":"no-sidebar","site-content-layout":"page-builder","ast-site-content-layout":"default","site-content-style":"default","site-sidebar-style":"default","ast-global-header-display":"","ast-banner-title-visibility":"","ast-main-header-display":"","ast-hfb-above-header-display":"","ast-hfb-below-header-display":"","ast-hfb-mobile-header-display":"","site-post-title":"disabled","ast-breadcrumbs-content":"","ast-featured-img":"disabled","footer-sml-layout":"","ast-disable-related-posts":"","theme-transparent-header-meta":"default","adv-header-id-meta":"","stick-header-meta":"","header-above-stick-meta":"","header-main-stick-meta":"","header-below-stick-meta":"","astra-migrate-meta-layouts":"default","ast-page-background-enabled":"default","ast-page-background-meta":{"desktop":{"background-color":"","background-image":"","background-repeat":"repeat","background-position":"center center","background-size":"auto","background-attachment":"scroll","background-type":"","background-media":"","overlay-type":"","overlay-color":"","overlay-opacity":"","overlay-gradient":""},"tablet":{"background-color":"","background-image":"","background-repeat":"repeat","background-position":"center center","background-size":"auto","background-attachment":"scroll","background-type":"","background-media":"","overlay-type":"","overlay-color":"","overlay-opacity":"","overlay-gradient":""},"mobile":{"background-color":"","background-image":"","background-repeat":"repeat","background-position":"center center","background-size":"auto","background-attachment":"scroll","background-type":"","background-media":"","overlay-type":"","overlay-color":"","overlay-opacity":"","overlay-gradient":""}},"ast-content-background-meta":{"desktop":{"background-color":"var(--ast-global-color-5)","background-image":"","background-repeat":"repeat","background-position":"center center","background-size":"auto","background-attachment":"scroll","background-type":"","background-media":"","overlay-type":"","overlay-color":"","overlay-opacity":"","overlay-gradient":""},"tablet":{"background-color":"var(--ast-global-color-5)","background-image":"","background-repeat":"repeat","background-position":"center center","background-size":"auto","background-attachment":"scroll","background-type":"","background-media":"","overlay-type":"","overlay-color":"","overlay-opacity":"","overlay-gradient":""},"mobile":{"background-color":"var(--ast-global-color-5)","background-image":"","background-repeat":"repeat","background-position":"center center","background-size":"auto","background-attachment":"scroll","background-type":"","background-media":"","overlay-type":"","overlay-color":"","overlay-opacity":"","overlay-gradient":""}},"iawp_total_views":27080,"footnotes":""},"class_list":["post-3169","page","type-page","status-publish","has-post-thumbnail","hentry"],"_links":{"self":[{"href":"https:\/\/www.obc-suisse.ch\/en\/wp-json\/wp\/v2\/pages\/3169","targetHints":{"allow":["GET"]}}],"collection":[{"href":"https:\/\/www.obc-suisse.ch\/en\/wp-json\/wp\/v2\/pages"}],"about":[{"href":"https:\/\/www.obc-suisse.ch\/en\/wp-json\/wp\/v2\/types\/page"}],"author":[{"embeddable":true,"href":"https:\/\/www.obc-suisse.ch\/en\/wp-json\/wp\/v2\/users\/2"}],"replies":[{"embeddable":true,"href":"https:\/\/www.obc-suisse.ch\/en\/wp-json\/wp\/v2\/comments?post=3169"}],"version-history":[{"count":58,"href":"https:\/\/www.obc-suisse.ch\/en\/wp-json\/wp\/v2\/pages\/3169\/revisions"}],"predecessor-version":[{"id":3767,"href":"https:\/\/www.obc-suisse.ch\/en\/wp-json\/wp\/v2\/pages\/3169\/revisions\/3767"}],"wp:featuredmedia":[{"embeddable":true,"href":"https:\/\/www.obc-suisse.ch\/en\/wp-json\/wp\/v2\/media\/1988"}],"wp:attachment":[{"href":"https:\/\/www.obc-suisse.ch\/en\/wp-json\/wp\/v2\/media?parent=3169"}],"curies":[{"name":"wp","href":"https:\/\/api.w.org\/{rel}","templated":true}]}}